{"id":6221,"date":"2022-12-01T13:55:20","date_gmt":"2022-12-01T12:55:20","guid":{"rendered":"https:\/\/www.herorace.com\/ako-sa-pripravit-3\/"},"modified":"2022-12-01T14:13:40","modified_gmt":"2022-12-01T13:13:40","slug":"how-to-get-ready","status":"publish","type":"page","link":"https:\/\/www.herorace.com\/en\/how-to-get-ready\/","title":{"rendered":"How to get ready"},"content":{"rendered":"","protected":false},"excerpt":{"rendered":"","protected":false},"author":1,"featured_media":0,"parent":0,"menu_order":0,"comment_status":"closed","ping_status":"closed","template":"article-preparation.php","meta":{"inline_featured_image":false},"acf":{"tip":[{"nadpis":"Motivation","popis":"<p>I signed up for a motivation course yesterday, but I am not in the mood to go. You may ask why physical preparation is not the first step. Or vitamins? Or breathing technique for the runners? Because MOTIVATION is the most si-gni-fi-cant. Your body has no motivation, it gets lazy, and then it starts rotting. And what is the motivation? For our ancestors, it was: famine, the instinct of self-preservation, or the desire to continue the family lineage (or activities related to that). It is always good to learn from our ancestors, but what matters is what drives our motivation now and here. Is it a desire to overcome oneself? Bets with friends? The way to attract the opposite sex? Or &#8211; JUST HAVE FUN? Set your priorities, find\/name motivation, and set your mind to a great experience and outstanding race, which Hero Race surely is.<\/p>\n","fotky":false},{"nadpis":"Mindset","popis":"<p>Whatever your motivation is, the mindset is important. Set your goals. It\u2019s important to do what makes you happy, what you find meaningful, and what pushes you forward. It must have a focus and benefits for you. If you want benefits, you must contribute. Lose extra weight? Get fit? Push your limits? Or JUST HAVE FUN? It doesn\u2019t matter, but the goal must be clear like when the lightning bolts are hitting the High Tatras.<\/p>\n","fotky":false},{"nadpis":"Avoid lightning","popis":"<p>Out of the blue. And avoid injuries. A wounded hero won\u2019t save the world. If you decided to overcome your limits, follow the right training methodology, diet, and regeneration. If you don\u2019t want to break bones, you must be acknowledged. Don\u2019t be scared to ask for advice from the more experienced ones. Exercise, and train, but also read and gather information on how to do it better and more effectively. Nobody is born wise. Even when you fall, you get up and carry on. Because it doesn\u2019t matter how many times you fall, but how many times you get up. Success requires continuity, systematicity, and discipline.<\/p>\n","fotky":[{"ID":3453,"id":3453,"title":"fotka4","filename":"fotka4-5.jpg","filesize":992966,"url":"https:\/\/www.herorace.com\/wp-content\/uploads\/2021\/05\/fotka4-5.jpg","link":"https:\/\/www.herorace.com\/en\/fotka4-6-2\/","alt":"","author":"1","description":"","caption":"","name":"fotka4-6-2","status":"inherit","uploaded_to":0,"date":"2021-05-28 12:10:13","modified":"2021-05-28 12:10:13","menu_order":0,"mime_type":"image\/jpeg","type":"image","subtype":"jpeg","icon":"https:\/\/www.herorace.com\/wp-includes\/images\/media\/default.png","width":2464,"height":1632,"sizes":{"thumbnail":"https:\/\/www.herorace.com\/wp-content\/uploads\/2021\/05\/fotka4-5-150x150.jpg","thumbnail-width":150,"thumbnail-height":150,"medium":"https:\/\/www.herorace.com\/wp-content\/uploads\/2021\/05\/fotka4-5-300x199.jpg","medium-width":300,"medium-height":199,"medium_large":"https:\/\/www.herorace.com\/wp-content\/uploads\/2021\/05\/fotka4-5-768x509.jpg","medium_large-width":768,"medium_large-height":509,"large":"https:\/\/www.herorace.com\/wp-content\/uploads\/2021\/05\/fotka4-5-1024x678.jpg","large-width":1024,"large-height":678,"RoboGalleryMansoryImagesCenter":"https:\/\/www.herorace.com\/wp-content\/uploads\/2021\/05\/fotka4-5.jpg","RoboGalleryMansoryImagesCenter-width":600,"RoboGalleryMansoryImagesCenter-height":397,"RoboGalleryMansoryImagesTop":"https:\/\/www.herorace.com\/wp-content\/uploads\/2021\/05\/fotka4-5.jpg","RoboGalleryMansoryImagesTop-width":600,"RoboGalleryMansoryImagesTop-height":397,"1536x1536":"https:\/\/www.herorace.com\/wp-content\/uploads\/2021\/05\/fotka4-5-1536x1017.jpg","1536x1536-width":1536,"1536x1536-height":1017,"2048x2048":"https:\/\/www.herorace.com\/wp-content\/uploads\/2021\/05\/fotka4-5-2048x1356.jpg","2048x2048-width":2048,"2048x2048-height":1356,"custom":"https:\/\/www.herorace.com\/wp-content\/uploads\/2021\/05\/fotka4-5-180x180.jpg","custom-width":180,"custom-height":180}},{"ID":3452,"id":3452,"title":"fotka3","filename":"fotka3-5.jpg","filesize":1065282,"url":"https:\/\/www.herorace.com\/wp-content\/uploads\/2021\/05\/fotka3-5.jpg","link":"https:\/\/www.herorace.com\/en\/fotka3-6-2\/","alt":"","author":"1","description":"","caption":"","name":"fotka3-6-2","status":"inherit","uploaded_to":0,"date":"2021-05-28 12:10:11","modified":"2021-05-28 12:10:11","menu_order":0,"mime_type":"image\/jpeg","type":"image","subtype":"jpeg","icon":"https:\/\/www.herorace.com\/wp-includes\/images\/media\/default.png","width":2464,"height":1632,"sizes":{"thumbnail":"https:\/\/www.herorace.com\/wp-content\/uploads\/2021\/05\/fotka3-5-150x150.jpg","thumbnail-width":150,"thumbnail-height":150,"medium":"https:\/\/www.herorace.com\/wp-content\/uploads\/2021\/05\/fotka3-5-300x199.jpg","medium-width":300,"medium-height":199,"medium_large":"https:\/\/www.herorace.com\/wp-content\/uploads\/2021\/05\/fotka3-5-768x509.jpg","medium_large-width":768,"medium_large-height":509,"large":"https:\/\/www.herorace.com\/wp-content\/uploads\/2021\/05\/fotka3-5-1024x678.jpg","large-width":1024,"large-height":678,"RoboGalleryMansoryImagesCenter":"https:\/\/www.herorace.com\/wp-content\/uploads\/2021\/05\/fotka3-5.jpg","RoboGalleryMansoryImagesCenter-width":600,"RoboGalleryMansoryImagesCenter-height":397,"RoboGalleryMansoryImagesTop":"https:\/\/www.herorace.com\/wp-content\/uploads\/2021\/05\/fotka3-5.jpg","RoboGalleryMansoryImagesTop-width":600,"RoboGalleryMansoryImagesTop-height":397,"1536x1536":"https:\/\/www.herorace.com\/wp-content\/uploads\/2021\/05\/fotka3-5-1536x1017.jpg","1536x1536-width":1536,"1536x1536-height":1017,"2048x2048":"https:\/\/www.herorace.com\/wp-content\/uploads\/2021\/05\/fotka3-5-2048x1356.jpg","2048x2048-width":2048,"2048x2048-height":1356,"custom":"https:\/\/www.herorace.com\/wp-content\/uploads\/2021\/05\/fotka3-5-180x180.jpg","custom-width":180,"custom-height":180}}]},{"nadpis":"Discipline","popis":"<p>What makes champions different from losers is discipline. Not the genes, not the wealthy parents, not the pretty blue eyes. This all is worthless if there is no discipline. So do not stop pushing the pedal to the metal. Have discipline, be systematic, and be determined to get ready for the race, and hit the finish line.<\/p>\n","fotky":false},{"nadpis":"Just have fun","popis":"<p>This is very important advice that could go along with you during the process of preparation and the race itself. I know it can be unimaginable to enjoy muscle burning after a good round of TABATA, oxygen deficiency after running up a hill, or foot blisters because you urgently need a new pair of running shoes. No need to take the time before the race, the race itself, and the time after the race as well too seriously. Life and Hero Race are all about fun.<\/p>\n","fotky":false},{"nadpis":"Running shoes and clothes","popis":"<p>What kind of shoes is the best for running? The one that adjusts to your foot. It\u2019s not only about the length and width. What you have to take into consideration is the movement that your foot makes touching the subsoil. Expect sand, water, mud, grass, and other surfaces at Hero Race. Adjusting your shoes in all these aspects will not only give you comfort, but it will prevent injuries. Do not underestimate this part of the preparation, because that can make it more difficult for you. Comfortable and functional sports clothes should be as essential for amateurs and for active competitors too.<\/p>\n","fotky":[{"ID":3454,"id":3454,"title":"fotka1","filename":"fotka1-6.jpg","filesize":378097,"url":"https:\/\/www.herorace.com\/wp-content\/uploads\/2021\/05\/fotka1-6.jpg","link":"https:\/\/www.herorace.com\/en\/fotka1-7-2\/","alt":"","author":"1","description":"","caption":"","name":"fotka1-7-2","status":"inherit","uploaded_to":0,"date":"2021-05-28 12:10:29","modified":"2021-05-28 12:10:29","menu_order":0,"mime_type":"image\/jpeg","type":"image","subtype":"jpeg","icon":"https:\/\/www.herorace.com\/wp-includes\/images\/media\/default.png","width":993,"height":658,"sizes":{"thumbnail":"https:\/\/www.herorace.com\/wp-content\/uploads\/2021\/05\/fotka1-6-150x150.jpg","thumbnail-width":150,"thumbnail-height":150,"medium":"https:\/\/www.herorace.com\/wp-content\/uploads\/2021\/05\/fotka1-6-300x199.jpg","medium-width":300,"medium-height":199,"medium_large":"https:\/\/www.herorace.com\/wp-content\/uploads\/2021\/05\/fotka1-6-768x509.jpg","medium_large-width":768,"medium_large-height":509,"large":"https:\/\/www.herorace.com\/wp-content\/uploads\/2021\/05\/fotka1-6.jpg","large-width":993,"large-height":658,"RoboGalleryMansoryImagesCenter":"https:\/\/www.herorace.com\/wp-content\/uploads\/2021\/05\/fotka1-6.jpg","RoboGalleryMansoryImagesCenter-width":600,"RoboGalleryMansoryImagesCenter-height":398,"RoboGalleryMansoryImagesTop":"https:\/\/www.herorace.com\/wp-content\/uploads\/2021\/05\/fotka1-6.jpg","RoboGalleryMansoryImagesTop-width":600,"RoboGalleryMansoryImagesTop-height":398,"1536x1536":"https:\/\/www.herorace.com\/wp-content\/uploads\/2021\/05\/fotka1-6.jpg","1536x1536-width":993,"1536x1536-height":658,"2048x2048":"https:\/\/www.herorace.com\/wp-content\/uploads\/2021\/05\/fotka1-6.jpg","2048x2048-width":993,"2048x2048-height":658,"custom":"https:\/\/www.herorace.com\/wp-content\/uploads\/2021\/05\/fotka1-6-180x180.jpg","custom-width":180,"custom-height":180}},{"ID":3455,"id":3455,"title":"fotka2","filename":"fotka2-6.jpg","filesize":338849,"url":"https:\/\/www.herorace.com\/wp-content\/uploads\/2021\/05\/fotka2-6.jpg","link":"https:\/\/www.herorace.com\/en\/fotka2-7-2\/","alt":"","author":"1","description":"","caption":"","name":"fotka2-7-2","status":"inherit","uploaded_to":0,"date":"2021-05-28 12:10:31","modified":"2021-05-28 12:10:31","menu_order":0,"mime_type":"image\/jpeg","type":"image","subtype":"jpeg","icon":"https:\/\/www.herorace.com\/wp-includes\/images\/media\/default.png","width":993,"height":658,"sizes":{"thumbnail":"https:\/\/www.herorace.com\/wp-content\/uploads\/2021\/05\/fotka2-6-150x150.jpg","thumbnail-width":150,"thumbnail-height":150,"medium":"https:\/\/www.herorace.com\/wp-content\/uploads\/2021\/05\/fotka2-6-300x199.jpg","medium-width":300,"medium-height":199,"medium_large":"https:\/\/www.herorace.com\/wp-content\/uploads\/2021\/05\/fotka2-6-768x509.jpg","medium_large-width":768,"medium_large-height":509,"large":"https:\/\/www.herorace.com\/wp-content\/uploads\/2021\/05\/fotka2-6.jpg","large-width":993,"large-height":658,"RoboGalleryMansoryImagesCenter":"https:\/\/www.herorace.com\/wp-content\/uploads\/2021\/05\/fotka2-6.jpg","RoboGalleryMansoryImagesCenter-width":600,"RoboGalleryMansoryImagesCenter-height":398,"RoboGalleryMansoryImagesTop":"https:\/\/www.herorace.com\/wp-content\/uploads\/2021\/05\/fotka2-6.jpg","RoboGalleryMansoryImagesTop-width":600,"RoboGalleryMansoryImagesTop-height":398,"1536x1536":"https:\/\/www.herorace.com\/wp-content\/uploads\/2021\/05\/fotka2-6.jpg","1536x1536-width":993,"1536x1536-height":658,"2048x2048":"https:\/\/www.herorace.com\/wp-content\/uploads\/2021\/05\/fotka2-6.jpg","2048x2048-width":993,"2048x2048-height":658,"custom":"https:\/\/www.herorace.com\/wp-content\/uploads\/2021\/05\/fotka2-6-180x180.jpg","custom-width":180,"custom-height":180}}]},{"nadpis":"Training","popis":"<p>The one who always trains is the one without problems when racing. Following the right training, you won\u2019t only get fit and strong, but it will improve your dexterity and the ability to survive and JUST HAVE FUN at the same time. Increase the intensity and training level gradually, and make sure you get enough rest in between the training sessions. Remember to stretch and warm up your body before and after the race. If you don\u2019t know how, no worries. We can help you right before the start during the warm-up in front of the start line.<\/p>\n","fotky":false},{"nadpis":"Regeneration","popis":"<p>It is the ability of damaged tissues, organs, and systems to recover. The ability to recover depends on the individual level of performance, gender, age, health condition, climate conditions, nutrition, and many more factors. Time is the best healer, when you are fresh, you are fun too. Training can cause damage to the muscles&#8217; microstructure. The damage can be restored by the right regeneration. Regeneration is all about having sufficient rest between training sessions, enough sleep, or using procedures to speed up and deepen the regeneration (like massage, sauna, cryotherapy, stretching, physiotherapy, etc.). The right regeneration can help us avoid overtraining and improve efficiency. To improve our performance, we need to regenerate enough and correctly. Just like nutrition. You will have enough time to rest in the recreational area after Hero Race. You can look forward to our team of physiotherapists and masseuses.<\/p>\n","fotky":false},{"nadpis":"Nutrition","popis":"<p>What is nutrition? Nutrition is simply what we eat to survive. It means we do not live to eat, but we eat to not drink on an empty stomach. Expertly said, just like our wise teachers teach us, nutrition is a complex biochemical process in which an organism accepts life&#8217;s essential organic and inorganic substances from the outside world. Generally said, nutrition is a science about substance exchange, taking in nutritions mostly, their changes and use. Do not neglect your nutrition, study it for its optimal setup, read, want to learn more, and in case you are clueless, ask a nutritionist for help. Because thanks to nutrition we are well and alive.<\/p>\n","fotky":false},{"nadpis":"Survive it","popis":"<p>And\u2026enjoy it. Together with burned calories, oneself overcoming, their limits and comfort,\u00a0 improvement of fitness, and joy for life, the most important thing that you have to do to complete HERO RACE is to enjoy yourself. JUST HAVE FUN.<\/p>\n","fotky":false}],"tlacidlo":[{"text":"REGISTER FOR THE RACE","stranka":{"ID":5950,"post_author":"1","post_date":"2021-05-10 23:59:39","post_date_gmt":"2021-05-10 21:59:39","post_content":"","post_title":"Registration","post_excerpt":"","post_status":"publish","comment_status":"closed","ping_status":"closed","post_password":"","post_name":"registration","to_ping":"","pinged":"","post_modified":"2022-12-17 17:31:10","post_modified_gmt":"2022-12-17 16:31:10","post_content_filtered":"","post_parent":0,"guid":"https:\/\/www.herorace.com\/registracia\/","menu_order":0,"post_type":"page","post_mime_type":"","comment_count":"0","filter":"raw"}}]},"yoast_head":"<!-- This site is optimized with the Yoast SEO plugin v20.5 - https:\/\/yoast.com\/wordpress\/plugins\/seo\/ -->\n<title>How to get ready | The hrudle race | Hero Race<\/title>\n<meta name=\"description\" content=\"10 tips on how to prepare for the Hero Race. 300+ competitors, 2000+ spectators, 4 km track and 40+ obstacles.\" \/>\n<meta name=\"robots\" content=\"index, follow, max-snippet:-1, max-image-preview:large, max-video-preview:-1\" \/>\n<link rel=\"canonical\" href=\"https:\/\/www.herorace.com\/en\/how-to-get-ready\/\" \/>\n<meta property=\"og:locale\" content=\"en_US\" \/>\n<meta property=\"og:type\" content=\"article\" \/>\n<meta property=\"og:title\" content=\"10 tipov ako sa pripravi\u0165 na pretek\" \/>\n<meta property=\"og:description\" content=\"\u010cl\u00e1nok o tom ako sa pripravi\u0165 na preteky Hero Race\" \/>\n<meta property=\"og:url\" content=\"https:\/\/www.herorace.com\/en\/how-to-get-ready\/\" \/>\n<meta property=\"og:site_name\" content=\"Hero Race\" \/>\n<meta property=\"article:modified_time\" content=\"2022-12-01T13:13:40+00:00\" \/>\n<meta property=\"og:image\" content=\"https:\/\/www.herorace.com\/wp-content\/uploads\/2021\/07\/Snimka-obrazovky-2021-07-06-o-11.49.50-1024x517.png\" \/>\n\t<meta property=\"og:image:width\" content=\"1024\" \/>\n\t<meta property=\"og:image:height\" content=\"517\" \/>\n\t<meta property=\"og:image:type\" content=\"image\/png\" \/>\n<meta name=\"twitter:card\" content=\"summary_large_image\" \/>\n<script type=\"application\/ld+json\" class=\"yoast-schema-graph\">{\"@context\":\"https:\/\/schema.org\",\"@graph\":[{\"@type\":\"WebPage\",\"@id\":\"https:\/\/www.herorace.com\/en\/how-to-get-ready\/\",\"url\":\"https:\/\/www.herorace.com\/en\/how-to-get-ready\/\",\"name\":\"How to get ready | The hrudle race | Hero Race\",\"isPartOf\":{\"@id\":\"https:\/\/www.herorace.com\/en\/#website\"},\"datePublished\":\"2022-12-01T12:55:20+00:00\",\"dateModified\":\"2022-12-01T13:13:40+00:00\",\"description\":\"10 tips on how to prepare for the Hero Race. 300+ competitors, 2000+ spectators, 4 km track and 40+ obstacles.\",\"breadcrumb\":{\"@id\":\"https:\/\/www.herorace.com\/en\/how-to-get-ready\/#breadcrumb\"},\"inLanguage\":\"en-US\",\"potentialAction\":[{\"@type\":\"ReadAction\",\"target\":[\"https:\/\/www.herorace.com\/en\/how-to-get-ready\/\"]}]},{\"@type\":\"BreadcrumbList\",\"@id\":\"https:\/\/www.herorace.com\/en\/how-to-get-ready\/#breadcrumb\",\"itemListElement\":[{\"@type\":\"ListItem\",\"position\":1,\"name\":\"Domovsk\u00e1 str\u00e1nka\",\"item\":\"https:\/\/www.herorace.com\/en\/__-hlavna-stranka-__\/\"},{\"@type\":\"ListItem\",\"position\":2,\"name\":\"How to get ready\"}]},{\"@type\":\"WebSite\",\"@id\":\"https:\/\/www.herorace.com\/en\/#website\",\"url\":\"https:\/\/www.herorace.com\/en\/\",\"name\":\"Hero Race\",\"description\":\"Len \u010fal\u0161ia WordPress str\u00e1nka\",\"potentialAction\":[{\"@type\":\"SearchAction\",\"target\":{\"@type\":\"EntryPoint\",\"urlTemplate\":\"https:\/\/www.herorace.com\/en\/?s={search_term_string}\"},\"query-input\":\"required name=search_term_string\"}],\"inLanguage\":\"en-US\"}]}<\/script>\n<!-- \/ Yoast SEO plugin. -->","yoast_head_json":{"title":"How to get ready | The hrudle race | Hero Race","description":"10 tips on how to prepare for the Hero Race. 300+ competitors, 2000+ spectators, 4 km track and 40+ obstacles.","robots":{"index":"index","follow":"follow","max-snippet":"max-snippet:-1","max-image-preview":"max-image-preview:large","max-video-preview":"max-video-preview:-1"},"canonical":"https:\/\/www.herorace.com\/en\/how-to-get-ready\/","og_locale":"en_US","og_type":"article","og_title":"10 tipov ako sa pripravi\u0165 na pretek","og_description":"\u010cl\u00e1nok o tom ako sa pripravi\u0165 na preteky Hero Race","og_url":"https:\/\/www.herorace.com\/en\/how-to-get-ready\/","og_site_name":"Hero Race","article_modified_time":"2022-12-01T13:13:40+00:00","og_image":[{"width":1024,"height":517,"url":"https:\/\/www.herorace.com\/wp-content\/uploads\/2021\/07\/Snimka-obrazovky-2021-07-06-o-11.49.50-1024x517.png","type":"image\/png"}],"twitter_card":"summary_large_image","schema":{"@context":"https:\/\/schema.org","@graph":[{"@type":"WebPage","@id":"https:\/\/www.herorace.com\/en\/how-to-get-ready\/","url":"https:\/\/www.herorace.com\/en\/how-to-get-ready\/","name":"How to get ready | The hrudle race | Hero Race","isPartOf":{"@id":"https:\/\/www.herorace.com\/en\/#website"},"datePublished":"2022-12-01T12:55:20+00:00","dateModified":"2022-12-01T13:13:40+00:00","description":"10 tips on how to prepare for the Hero Race. 300+ competitors, 2000+ spectators, 4 km track and 40+ obstacles.","breadcrumb":{"@id":"https:\/\/www.herorace.com\/en\/how-to-get-ready\/#breadcrumb"},"inLanguage":"en-US","potentialAction":[{"@type":"ReadAction","target":["https:\/\/www.herorace.com\/en\/how-to-get-ready\/"]}]},{"@type":"BreadcrumbList","@id":"https:\/\/www.herorace.com\/en\/how-to-get-ready\/#breadcrumb","itemListElement":[{"@type":"ListItem","position":1,"name":"Domovsk\u00e1 str\u00e1nka","item":"https:\/\/www.herorace.com\/en\/__-hlavna-stranka-__\/"},{"@type":"ListItem","position":2,"name":"How to get ready"}]},{"@type":"WebSite","@id":"https:\/\/www.herorace.com\/en\/#website","url":"https:\/\/www.herorace.com\/en\/","name":"Hero Race","description":"Len \u010fal\u0161ia WordPress str\u00e1nka","potentialAction":[{"@type":"SearchAction","target":{"@type":"EntryPoint","urlTemplate":"https:\/\/www.herorace.com\/en\/?s={search_term_string}"},"query-input":"required name=search_term_string"}],"inLanguage":"en-US"}]}},"_links":{"self":[{"href":"https:\/\/www.herorace.com\/en\/wp-json\/wp\/v2\/pages\/6221"}],"collection":[{"href":"https:\/\/www.herorace.com\/en\/wp-json\/wp\/v2\/pages"}],"about":[{"href":"https:\/\/www.herorace.com\/en\/wp-json\/wp\/v2\/types\/page"}],"author":[{"embeddable":true,"href":"https:\/\/www.herorace.com\/en\/wp-json\/wp\/v2\/users\/1"}],"replies":[{"embeddable":true,"href":"https:\/\/www.herorace.com\/en\/wp-json\/wp\/v2\/comments?post=6221"}],"version-history":[{"count":4,"href":"https:\/\/www.herorace.com\/en\/wp-json\/wp\/v2\/pages\/6221\/revisions"}],"predecessor-version":[{"id":6235,"href":"https:\/\/www.herorace.com\/en\/wp-json\/wp\/v2\/pages\/6221\/revisions\/6235"}],"wp:attachment":[{"href":"https:\/\/www.herorace.com\/en\/wp-json\/wp\/v2\/media?parent=6221"}],"curies":[{"name":"wp","href":"https:\/\/api.w.org\/{rel}","templated":true}]}}