{"id":5959,"date":"2021-05-10T23:58:09","date_gmt":"2021-05-10T21:58:09","guid":{"rendered":"https:\/\/www.herorace.com\/vysledky\/"},"modified":"2022-12-01T11:19:32","modified_gmt":"2022-12-01T10:19:32","slug":"results","status":"publish","type":"page","link":"https:\/\/www.herorace.com\/en\/results\/","title":{"rendered":"Results"},"content":{"rendered":"","protected":false},"excerpt":{"rendered":"","protected":false},"author":1,"featured_media":0,"parent":0,"menu_order":0,"comment_status":"closed","ping_status":"closed","template":"results.php","meta":{"inline_featured_image":false},"acf":{"vysledky":[{"rok":"2022","preteky":[{"nazov":"Race Hobby ELITE","dokument":{"ID":4740,"id":4740,"title":"Vysledky_Elite_Hobby","filename":"Vysledky_Elite_Hobby.pdf","filesize":718195,"url":"https:\/\/www.herorace.com\/wp-content\/uploads\/2022\/09\/Vysledky_Elite_Hobby.pdf","link":"https:\/\/www.herorace.com\/en\/results\/vysledky_elite_hobby\/","alt":"","author":"3","description":"","caption":"","name":"vysledky_elite_hobby","status":"inherit","uploaded_to":5959,"date":"2022-09-04 16:00:49","modified":"2022-09-04 16:00:49","menu_order":0,"mime_type":"application\/pdf","type":"application","subtype":"pdf","icon":"https:\/\/www.herorace.com\/wp-includes\/images\/media\/document.png"}},{"nazov":"Race Hobby MASS","dokument":{"ID":4744,"id":4744,"title":"Vysledky_Hobby_Mass_oprava","filename":"Vysledky_Hobby_Mass_oprava.pdf","filesize":737805,"url":"https:\/\/www.herorace.com\/wp-content\/uploads\/2022\/09\/Vysledky_Hobby_Mass_oprava.pdf","link":"https:\/\/www.herorace.com\/en\/results\/vysledky_hobby_mass_oprava\/","alt":"","author":"3","description":"","caption":"","name":"vysledky_hobby_mass_oprava","status":"inherit","uploaded_to":5959,"date":"2022-09-05 17:37:01","modified":"2022-09-05 17:37:01","menu_order":0,"mime_type":"application\/pdf","type":"application","subtype":"pdf","icon":"https:\/\/www.herorace.com\/wp-includes\/images\/media\/document.png"}},{"nazov":"Race Extreme ELITE","dokument":{"ID":4739,"id":4739,"title":"V\u00fdsledky_ELITE_EXTREME (1)","filename":"Vysledky_ELITE_EXTREME-1.pdf","filesize":718342,"url":"https:\/\/www.herorace.com\/wp-content\/uploads\/2022\/09\/Vysledky_ELITE_EXTREME-1.pdf","link":"https:\/\/www.herorace.com\/en\/results\/vysledky_elite_extreme-1\/","alt":"","author":"3","description":"","caption":"","name":"vysledky_elite_extreme-1","status":"inherit","uploaded_to":5959,"date":"2022-09-04 16:00:49","modified":"2022-09-04 16:00:49","menu_order":0,"mime_type":"application\/pdf","type":"application","subtype":"pdf","icon":"https:\/\/www.herorace.com\/wp-includes\/images\/media\/document.png"}},{"nazov":"Race Extreme MASS","dokument":{"ID":4741,"id":4741,"title":"V\u00fdsledky_EXTREME_MASS","filename":"Vysledky_EXTREME_MASS.pdf","filesize":738425,"url":"https:\/\/www.herorace.com\/wp-content\/uploads\/2022\/09\/Vysledky_EXTREME_MASS.pdf","link":"https:\/\/www.herorace.com\/en\/results\/vysledky_extreme_mass\/","alt":"","author":"3","description":"","caption":"","name":"vysledky_extreme_mass","status":"inherit","uploaded_to":5959,"date":"2022-09-04 16:00:51","modified":"2022-09-04 16:00:51","menu_order":0,"mime_type":"application\/pdf","type":"application","subtype":"pdf","icon":"https:\/\/www.herorace.com\/wp-includes\/images\/media\/document.png"}},{"nazov":"Race Team EXTREME","dokument":{"ID":4743,"id":4743,"title":"HERO_RACE_EXTREME_TEAM","filename":"HERO_RACE_EXTREME_TEAM.pdf","filesize":573420,"url":"https:\/\/www.herorace.com\/wp-content\/uploads\/2022\/09\/HERO_RACE_EXTREME_TEAM.pdf","link":"https:\/\/www.herorace.com\/en\/results\/hero_race_extreme_team\/","alt":"","author":"3","description":"","caption":"","name":"hero_race_extreme_team","status":"inherit","uploaded_to":5959,"date":"2022-09-04 16:52:25","modified":"2022-09-04 16:52:25","menu_order":0,"mime_type":"application\/pdf","type":"application","subtype":"pdf","icon":"https:\/\/www.herorace.com\/wp-includes\/images\/media\/document.png"}}]},{"rok":"2021","preteky":[{"nazov":"Race Hobby ELITE","dokument":{"ID":4139,"id":4139,"title":"v\u00fdsledky_2021_HOBBY ELITE","filename":"vysledky_2021_HOBBY-ELITE.pdf","filesize":129382,"url":"https:\/\/www.herorace.com\/wp-content\/uploads\/2021\/09\/vysledky_2021_HOBBY-ELITE.pdf","link":"https:\/\/www.herorace.com\/en\/results\/vysledky_2021_hobby-elite-2\/","alt":"","author":"3","description":"","caption":"","name":"vysledky_2021_hobby-elite-2","status":"inherit","uploaded_to":5959,"date":"2021-09-05 18:42:59","modified":"2021-09-05 18:42:59","menu_order":0,"mime_type":"application\/pdf","type":"application","subtype":"pdf","icon":"https:\/\/www.herorace.com\/wp-includes\/images\/media\/document.png"}},{"nazov":"Race Hobby MASS","dokument":{"ID":4140,"id":4140,"title":"v\u00fdsledky_2021_HOBBY MASS","filename":"vysledky_2021_HOBBY-MASS.pdf","filesize":134882,"url":"https:\/\/www.herorace.com\/wp-content\/uploads\/2021\/09\/vysledky_2021_HOBBY-MASS.pdf","link":"https:\/\/www.herorace.com\/en\/results\/vysledky_2021_hobby-mass-2\/","alt":"","author":"3","description":"","caption":"","name":"vysledky_2021_hobby-mass-2","status":"inherit","uploaded_to":5959,"date":"2021-09-05 18:42:59","modified":"2021-09-05 18:42:59","menu_order":0,"mime_type":"application\/pdf","type":"application","subtype":"pdf","icon":"https:\/\/www.herorace.com\/wp-includes\/images\/media\/document.png"}},{"nazov":"Race Extreme ELITE","dokument":{"ID":4137,"id":4137,"title":"vysledky_2021_EXTREME ELITE","filename":"vysledky_2021_EXTREME-ELITE.pdf","filesize":159781,"url":"https:\/\/www.herorace.com\/wp-content\/uploads\/2021\/09\/vysledky_2021_EXTREME-ELITE.pdf","link":"https:\/\/www.herorace.com\/en\/results\/vysledky_2021_extreme-elite-2\/","alt":"","author":"3","description":"","caption":"","name":"vysledky_2021_extreme-elite-2","status":"inherit","uploaded_to":5959,"date":"2021-09-05 18:42:57","modified":"2021-09-05 18:42:57","menu_order":0,"mime_type":"application\/pdf","type":"application","subtype":"pdf","icon":"https:\/\/www.herorace.com\/wp-includes\/images\/media\/document.png"}},{"nazov":"Race Extreme MASS","dokument":{"ID":4138,"id":4138,"title":"vysledky_2021_EXTREME MASS","filename":"vysledky_2021_EXTREME-MASS.pdf","filesize":163804,"url":"https:\/\/www.herorace.com\/wp-content\/uploads\/2021\/09\/vysledky_2021_EXTREME-MASS.pdf","link":"https:\/\/www.herorace.com\/en\/results\/vysledky_2021_extreme-mass-2\/","alt":"","author":"3","description":"","caption":"","name":"vysledky_2021_extreme-mass-2","status":"inherit","uploaded_to":5959,"date":"2021-09-05 18:42:58","modified":"2021-09-05 18:42:58","menu_order":0,"mime_type":"application\/pdf","type":"application","subtype":"pdf","icon":"https:\/\/www.herorace.com\/wp-includes\/images\/media\/document.png"}}]},{"rok":"2020","preteky":[{"nazov":"Race Sprint ELITE","dokument":{"ID":3450,"id":3450,"title":"vysledky 2020_sprint-elite","filename":"vysledky-2020_sprint-elite.pdf","filesize":120895,"url":"https:\/\/www.herorace.com\/wp-content\/uploads\/2021\/05\/vysledky-2020_sprint-elite.pdf","link":"https:\/\/www.herorace.com\/en\/results\/vysledky-2020_sprint-elite-2\/","alt":"","author":"3","description":"","caption":"","name":"vysledky-2020_sprint-elite-2","status":"inherit","uploaded_to":5959,"date":"2021-05-28 09:49:50","modified":"2021-05-28 09:49:50","menu_order":0,"mime_type":"application\/pdf","type":"application","subtype":"pdf","icon":"https:\/\/www.herorace.com\/wp-includes\/images\/media\/document.png"}},{"nazov":"Race Sprint MASS","dokument":{"ID":3449,"id":3449,"title":"vysledky 2020_sprint_mass","filename":"vysledky-2020_sprint_mass.pdf","filesize":74023,"url":"https:\/\/www.herorace.com\/wp-content\/uploads\/2021\/05\/vysledky-2020_sprint_mass.pdf","link":"https:\/\/www.herorace.com\/en\/results\/vysledky-2020_sprint_mass-2\/","alt":"","author":"3","description":"","caption":"","name":"vysledky-2020_sprint_mass-2","status":"inherit","uploaded_to":5959,"date":"2021-05-28 09:49:50","modified":"2021-05-28 09:49:50","menu_order":0,"mime_type":"application\/pdf","type":"application","subtype":"pdf","icon":"https:\/\/www.herorace.com\/wp-includes\/images\/media\/document.png"}},{"nazov":"Race Extreme ELITE","dokument":{"ID":3447,"id":3447,"title":"vysledky 2020_extrem_elite","filename":"vysledky-2020_extrem_elite.pdf","filesize":67003,"url":"https:\/\/www.herorace.com\/wp-content\/uploads\/2021\/05\/vysledky-2020_extrem_elite.pdf","link":"https:\/\/www.herorace.com\/en\/results\/vysledky-2020_extrem_elite-2\/","alt":"","author":"3","description":"","caption":"","name":"vysledky-2020_extrem_elite-2","status":"inherit","uploaded_to":5959,"date":"2021-05-28 09:49:48","modified":"2021-05-28 09:49:48","menu_order":0,"mime_type":"application\/pdf","type":"application","subtype":"pdf","icon":"https:\/\/www.herorace.com\/wp-includes\/images\/media\/document.png"}},{"nazov":"Race Extreme MASS","dokument":{"ID":3448,"id":3448,"title":"vysledky 2020_extrem_mass","filename":"vysledky-2020_extrem_mass.pdf","filesize":71182,"url":"https:\/\/www.herorace.com\/wp-content\/uploads\/2021\/05\/vysledky-2020_extrem_mass.pdf","link":"https:\/\/www.herorace.com\/en\/results\/vysledky-2020_extrem_mass-2\/","alt":"","author":"3","description":"","caption":"","name":"vysledky-2020_extrem_mass-2","status":"inherit","uploaded_to":5959,"date":"2021-05-28 09:49:49","modified":"2021-05-28 09:49:49","menu_order":0,"mime_type":"application\/pdf","type":"application","subtype":"pdf","icon":"https:\/\/www.herorace.com\/wp-includes\/images\/media\/document.png"}}]}],"klikatelne_sekcie":[{"obrazok":{"ID":4346,"id":4346,"title":"HERO RACE DAY 2 (127)","filename":"HERO-RACE-DAY-2-127.jpg","filesize":907550,"url":"https:\/\/www.herorace.com\/wp-content\/uploads\/2021\/09\/HERO-RACE-DAY-2-127.jpg","link":"https:\/\/www.herorace.com\/en\/photo-and-video\/hero-race-day-2-127-2\/","alt":"","author":"3","description":"","caption":"","name":"hero-race-day-2-127-2","status":"inherit","uploaded_to":5905,"date":"2021-09-15 16:14:18","modified":"2021-09-15 16:14:18","menu_order":0,"mime_type":"image\/jpeg","type":"image","subtype":"jpeg","icon":"https:\/\/www.herorace.com\/wp-includes\/images\/media\/default.png","width":2000,"height":1335,"sizes":{"thumbnail":"https:\/\/www.herorace.com\/wp-content\/uploads\/2021\/09\/HERO-RACE-DAY-2-127-150x150.jpg","thumbnail-width":150,"thumbnail-height":150,"medium":"https:\/\/www.herorace.com\/wp-content\/uploads\/2021\/09\/HERO-RACE-DAY-2-127-300x200.jpg","medium-width":300,"medium-height":200,"medium_large":"https:\/\/www.herorace.com\/wp-content\/uploads\/2021\/09\/HERO-RACE-DAY-2-127-768x513.jpg","medium_large-width":768,"medium_large-height":513,"large":"https:\/\/www.herorace.com\/wp-content\/uploads\/2021\/09\/HERO-RACE-DAY-2-127-1024x684.jpg","large-width":1024,"large-height":684,"RoboGalleryMansoryImagesCenter":"https:\/\/www.herorace.com\/wp-content\/uploads\/2021\/09\/HERO-RACE-DAY-2-127.jpg","RoboGalleryMansoryImagesCenter-width":600,"RoboGalleryMansoryImagesCenter-height":401,"RoboGalleryMansoryImagesTop":"https:\/\/www.herorace.com\/wp-content\/uploads\/2021\/09\/HERO-RACE-DAY-2-127.jpg","RoboGalleryMansoryImagesTop-width":600,"RoboGalleryMansoryImagesTop-height":401,"1536x1536":"https:\/\/www.herorace.com\/wp-content\/uploads\/2021\/09\/HERO-RACE-DAY-2-127-1536x1025.jpg","1536x1536-width":1536,"1536x1536-height":1025,"2048x2048":"https:\/\/www.herorace.com\/wp-content\/uploads\/2021\/09\/HERO-RACE-DAY-2-127.jpg","2048x2048-width":2000,"2048x2048-height":1335,"custom":"https:\/\/www.herorace.com\/wp-content\/uploads\/2021\/09\/HERO-RACE-DAY-2-127-180x180.jpg","custom-width":180,"custom-height":180}},"text":"GALLERY","stranka":5905},{"obrazok":{"ID":4665,"id":4665,"title":"HERO RACE DAY 1 (220)","filename":"HERO-RACE-DAY-1-220.jpg","filesize":628061,"url":"https:\/\/www.herorace.com\/wp-content\/uploads\/2021\/09\/HERO-RACE-DAY-1-220.jpg","link":"https:\/\/www.herorace.com\/en\/photo-and-video\/hero-race-day-1-220\/","alt":"","author":"3","description":"","caption":"","name":"hero-race-day-1-220","status":"inherit","uploaded_to":5905,"date":"2021-09-15 17:24:17","modified":"2021-09-15 17:24:17","menu_order":0,"mime_type":"image\/jpeg","type":"image","subtype":"jpeg","icon":"https:\/\/www.herorace.com\/wp-includes\/images\/media\/default.png","width":2000,"height":1335,"sizes":{"thumbnail":"https:\/\/www.herorace.com\/wp-content\/uploads\/2021\/09\/HERO-RACE-DAY-1-220-150x150.jpg","thumbnail-width":150,"thumbnail-height":150,"medium":"https:\/\/www.herorace.com\/wp-content\/uploads\/2021\/09\/HERO-RACE-DAY-1-220-300x200.jpg","medium-width":300,"medium-height":200,"medium_large":"https:\/\/www.herorace.com\/wp-content\/uploads\/2021\/09\/HERO-RACE-DAY-1-220-768x513.jpg","medium_large-width":768,"medium_large-height":513,"large":"https:\/\/www.herorace.com\/wp-content\/uploads\/2021\/09\/HERO-RACE-DAY-1-220-1024x684.jpg","large-width":1024,"large-height":684,"RoboGalleryMansoryImagesCenter":"https:\/\/www.herorace.com\/wp-content\/uploads\/2021\/09\/HERO-RACE-DAY-1-220.jpg","RoboGalleryMansoryImagesCenter-width":600,"RoboGalleryMansoryImagesCenter-height":401,"RoboGalleryMansoryImagesTop":"https:\/\/www.herorace.com\/wp-content\/uploads\/2021\/09\/HERO-RACE-DAY-1-220.jpg","RoboGalleryMansoryImagesTop-width":600,"RoboGalleryMansoryImagesTop-height":401,"1536x1536":"https:\/\/www.herorace.com\/wp-content\/uploads\/2021\/09\/HERO-RACE-DAY-1-220-1536x1025.jpg","1536x1536-width":1536,"1536x1536-height":1025,"2048x2048":"https:\/\/www.herorace.com\/wp-content\/uploads\/2021\/09\/HERO-RACE-DAY-1-220.jpg","2048x2048-width":2000,"2048x2048-height":1335,"custom":"https:\/\/www.herorace.com\/wp-content\/uploads\/2021\/09\/HERO-RACE-DAY-1-220-180x180.jpg","custom-width":180,"custom-height":180}},"text":"ABOUT","stranka":5914},{"obrazok":{"ID":4583,"id":4583,"title":"HERO RACE DAY 1 (138)","filename":"HERO-RACE-DAY-1-138.jpg","filesize":771307,"url":"https:\/\/www.herorace.com\/wp-content\/uploads\/2021\/09\/HERO-RACE-DAY-1-138.jpg","link":"https:\/\/www.herorace.com\/en\/photo-and-video\/hero-race-day-1-138\/","alt":"","author":"3","description":"","caption":"","name":"hero-race-day-1-138","status":"inherit","uploaded_to":5905,"date":"2021-09-15 17:12:51","modified":"2021-09-15 17:12:51","menu_order":0,"mime_type":"image\/jpeg","type":"image","subtype":"jpeg","icon":"https:\/\/www.herorace.com\/wp-includes\/images\/media\/default.png","width":2000,"height":1335,"sizes":{"thumbnail":"https:\/\/www.herorace.com\/wp-content\/uploads\/2021\/09\/HERO-RACE-DAY-1-138-150x150.jpg","thumbnail-width":150,"thumbnail-height":150,"medium":"https:\/\/www.herorace.com\/wp-content\/uploads\/2021\/09\/HERO-RACE-DAY-1-138-300x200.jpg","medium-width":300,"medium-height":200,"medium_large":"https:\/\/www.herorace.com\/wp-content\/uploads\/2021\/09\/HERO-RACE-DAY-1-138-768x513.jpg","medium_large-width":768,"medium_large-height":513,"large":"https:\/\/www.herorace.com\/wp-content\/uploads\/2021\/09\/HERO-RACE-DAY-1-138-1024x684.jpg","large-width":1024,"large-height":684,"RoboGalleryMansoryImagesCenter":"https:\/\/www.herorace.com\/wp-content\/uploads\/2021\/09\/HERO-RACE-DAY-1-138.jpg","RoboGalleryMansoryImagesCenter-width":600,"RoboGalleryMansoryImagesCenter-height":401,"RoboGalleryMansoryImagesTop":"https:\/\/www.herorace.com\/wp-content\/uploads\/2021\/09\/HERO-RACE-DAY-1-138.jpg","RoboGalleryMansoryImagesTop-width":600,"RoboGalleryMansoryImagesTop-height":401,"1536x1536":"https:\/\/www.herorace.com\/wp-content\/uploads\/2021\/09\/HERO-RACE-DAY-1-138-1536x1025.jpg","1536x1536-width":1536,"1536x1536-height":1025,"2048x2048":"https:\/\/www.herorace.com\/wp-content\/uploads\/2021\/09\/HERO-RACE-DAY-1-138.jpg","2048x2048-width":2000,"2048x2048-height":1335,"custom":"https:\/\/www.herorace.com\/wp-content\/uploads\/2021\/09\/HERO-RACE-DAY-1-138-180x180.jpg","custom-width":180,"custom-height":180}},"text":"REFERENCES","stranka":5947},{"obrazok":{"ID":4567,"id":4567,"title":"HERO RACE DAY 1 (122)","filename":"HERO-RACE-DAY-1-122.jpg","filesize":626443,"url":"https:\/\/www.herorace.com\/wp-content\/uploads\/2021\/09\/HERO-RACE-DAY-1-122.jpg","link":"https:\/\/www.herorace.com\/en\/photo-and-video\/hero-race-day-1-122\/","alt":"","author":"3","description":"","caption":"","name":"hero-race-day-1-122","status":"inherit","uploaded_to":5905,"date":"2021-09-15 17:10:50","modified":"2021-09-15 17:10:50","menu_order":0,"mime_type":"image\/jpeg","type":"image","subtype":"jpeg","icon":"https:\/\/www.herorace.com\/wp-includes\/images\/media\/default.png","width":2000,"height":1335,"sizes":{"thumbnail":"https:\/\/www.herorace.com\/wp-content\/uploads\/2021\/09\/HERO-RACE-DAY-1-122-150x150.jpg","thumbnail-width":150,"thumbnail-height":150,"medium":"https:\/\/www.herorace.com\/wp-content\/uploads\/2021\/09\/HERO-RACE-DAY-1-122-300x200.jpg","medium-width":300,"medium-height":200,"medium_large":"https:\/\/www.herorace.com\/wp-content\/uploads\/2021\/09\/HERO-RACE-DAY-1-122-768x513.jpg","medium_large-width":768,"medium_large-height":513,"large":"https:\/\/www.herorace.com\/wp-content\/uploads\/2021\/09\/HERO-RACE-DAY-1-122-1024x684.jpg","large-width":1024,"large-height":684,"RoboGalleryMansoryImagesCenter":"https:\/\/www.herorace.com\/wp-content\/uploads\/2021\/09\/HERO-RACE-DAY-1-122.jpg","RoboGalleryMansoryImagesCenter-width":600,"RoboGalleryMansoryImagesCenter-height":401,"RoboGalleryMansoryImagesTop":"https:\/\/www.herorace.com\/wp-content\/uploads\/2021\/09\/HERO-RACE-DAY-1-122.jpg","RoboGalleryMansoryImagesTop-width":600,"RoboGalleryMansoryImagesTop-height":401,"1536x1536":"https:\/\/www.herorace.com\/wp-content\/uploads\/2021\/09\/HERO-RACE-DAY-1-122-1536x1025.jpg","1536x1536-width":1536,"1536x1536-height":1025,"2048x2048":"https:\/\/www.herorace.com\/wp-content\/uploads\/2021\/09\/HERO-RACE-DAY-1-122.jpg","2048x2048-width":2000,"2048x2048-height":1335,"custom":"https:\/\/www.herorace.com\/wp-content\/uploads\/2021\/09\/HERO-RACE-DAY-1-122-180x180.jpg","custom-width":180,"custom-height":180}},"text":"FAQ","stranka":5568}]},"yoast_head":"<!-- This site is optimized with the Yoast SEO plugin v20.5 - https:\/\/yoast.com\/wordpress\/plugins\/seo\/ -->\n<title>Hurdle race for children and adults | Results | Hero Race<\/title>\n<meta name=\"description\" content=\"The hurdle race for active athletes, children and everyone who likes recreational movement. Result sheets.\" \/>\n<meta name=\"robots\" content=\"index, follow, max-snippet:-1, max-image-preview:large, max-video-preview:-1\" \/>\n<link rel=\"canonical\" href=\"https:\/\/www.herorace.com\/en\/results\/\" \/>\n<meta property=\"og:locale\" content=\"en_US\" \/>\n<meta property=\"og:type\" content=\"article\" \/>\n<meta property=\"og:title\" content=\"Hurdle race for children and adults | Results | Hero Race\" \/>\n<meta property=\"og:description\" content=\"The hurdle race for active athletes, children and everyone who likes recreational movement. Result sheets.\" \/>\n<meta property=\"og:url\" content=\"https:\/\/www.herorace.com\/en\/results\/\" \/>\n<meta property=\"og:site_name\" content=\"Hero Race\" \/>\n<meta property=\"article:modified_time\" content=\"2022-12-01T10:19:32+00:00\" \/>\n<meta name=\"twitter:card\" content=\"summary_large_image\" \/>\n<script type=\"application\/ld+json\" class=\"yoast-schema-graph\">{\"@context\":\"https:\/\/schema.org\",\"@graph\":[{\"@type\":\"WebPage\",\"@id\":\"https:\/\/www.herorace.com\/en\/results\/\",\"url\":\"https:\/\/www.herorace.com\/en\/results\/\",\"name\":\"Hurdle race for children and adults | Results | Hero Race\",\"isPartOf\":{\"@id\":\"https:\/\/www.herorace.com\/en\/#website\"},\"datePublished\":\"2021-05-10T21:58:09+00:00\",\"dateModified\":\"2022-12-01T10:19:32+00:00\",\"description\":\"The hurdle race for active athletes, children and everyone who likes recreational movement. Result sheets.\",\"breadcrumb\":{\"@id\":\"https:\/\/www.herorace.com\/en\/results\/#breadcrumb\"},\"inLanguage\":\"en-US\",\"potentialAction\":[{\"@type\":\"ReadAction\",\"target\":[\"https:\/\/www.herorace.com\/en\/results\/\"]}]},{\"@type\":\"BreadcrumbList\",\"@id\":\"https:\/\/www.herorace.com\/en\/results\/#breadcrumb\",\"itemListElement\":[{\"@type\":\"ListItem\",\"position\":1,\"name\":\"Domovsk\u00e1 str\u00e1nka\",\"item\":\"https:\/\/www.herorace.com\/en\/__-hlavna-stranka-__\/\"},{\"@type\":\"ListItem\",\"position\":2,\"name\":\"Results\"}]},{\"@type\":\"WebSite\",\"@id\":\"https:\/\/www.herorace.com\/en\/#website\",\"url\":\"https:\/\/www.herorace.com\/en\/\",\"name\":\"Hero Race\",\"description\":\"Len \u010fal\u0161ia WordPress str\u00e1nka\",\"potentialAction\":[{\"@type\":\"SearchAction\",\"target\":{\"@type\":\"EntryPoint\",\"urlTemplate\":\"https:\/\/www.herorace.com\/en\/?s={search_term_string}\"},\"query-input\":\"required name=search_term_string\"}],\"inLanguage\":\"en-US\"}]}<\/script>\n<!-- \/ Yoast SEO plugin. -->","yoast_head_json":{"title":"Hurdle race for children and adults | Results | Hero Race","description":"The hurdle race for active athletes, children and everyone who likes recreational movement. Result sheets.","robots":{"index":"index","follow":"follow","max-snippet":"max-snippet:-1","max-image-preview":"max-image-preview:large","max-video-preview":"max-video-preview:-1"},"canonical":"https:\/\/www.herorace.com\/en\/results\/","og_locale":"en_US","og_type":"article","og_title":"Hurdle race for children and adults | Results | Hero Race","og_description":"The hurdle race for active athletes, children and everyone who likes recreational movement. Result sheets.","og_url":"https:\/\/www.herorace.com\/en\/results\/","og_site_name":"Hero Race","article_modified_time":"2022-12-01T10:19:32+00:00","twitter_card":"summary_large_image","schema":{"@context":"https:\/\/schema.org","@graph":[{"@type":"WebPage","@id":"https:\/\/www.herorace.com\/en\/results\/","url":"https:\/\/www.herorace.com\/en\/results\/","name":"Hurdle race for children and adults | Results | Hero Race","isPartOf":{"@id":"https:\/\/www.herorace.com\/en\/#website"},"datePublished":"2021-05-10T21:58:09+00:00","dateModified":"2022-12-01T10:19:32+00:00","description":"The hurdle race for active athletes, children and everyone who likes recreational movement. Result sheets.","breadcrumb":{"@id":"https:\/\/www.herorace.com\/en\/results\/#breadcrumb"},"inLanguage":"en-US","potentialAction":[{"@type":"ReadAction","target":["https:\/\/www.herorace.com\/en\/results\/"]}]},{"@type":"BreadcrumbList","@id":"https:\/\/www.herorace.com\/en\/results\/#breadcrumb","itemListElement":[{"@type":"ListItem","position":1,"name":"Domovsk\u00e1 str\u00e1nka","item":"https:\/\/www.herorace.com\/en\/__-hlavna-stranka-__\/"},{"@type":"ListItem","position":2,"name":"Results"}]},{"@type":"WebSite","@id":"https:\/\/www.herorace.com\/en\/#website","url":"https:\/\/www.herorace.com\/en\/","name":"Hero Race","description":"Len \u010fal\u0161ia WordPress str\u00e1nka","potentialAction":[{"@type":"SearchAction","target":{"@type":"EntryPoint","urlTemplate":"https:\/\/www.herorace.com\/en\/?s={search_term_string}"},"query-input":"required name=search_term_string"}],"inLanguage":"en-US"}]}},"_links":{"self":[{"href":"https:\/\/www.herorace.com\/en\/wp-json\/wp\/v2\/pages\/5959"}],"collection":[{"href":"https:\/\/www.herorace.com\/en\/wp-json\/wp\/v2\/pages"}],"about":[{"href":"https:\/\/www.herorace.com\/en\/wp-json\/wp\/v2\/types\/page"}],"author":[{"embeddable":true,"href":"https:\/\/www.herorace.com\/en\/wp-json\/wp\/v2\/users\/1"}],"replies":[{"embeddable":true,"href":"https:\/\/www.herorace.com\/en\/wp-json\/wp\/v2\/comments?post=5959"}],"version-history":[{"count":2,"href":"https:\/\/www.herorace.com\/en\/wp-json\/wp\/v2\/pages\/5959\/revisions"}],"predecessor-version":[{"id":6186,"href":"https:\/\/www.herorace.com\/en\/wp-json\/wp\/v2\/pages\/5959\/revisions\/6186"}],"wp:attachment":[{"href":"https:\/\/www.herorace.com\/en\/wp-json\/wp\/v2\/media?parent=5959"}],"curies":[{"name":"wp","href":"https:\/\/api.w.org\/{rel}","templated":true}]}}