{"id":5926,"date":"2022-08-13T13:11:32","date_gmt":"2022-08-13T11:11:32","guid":{"rendered":"https:\/\/www.herorace.com\/merch\/"},"modified":"2022-12-01T08:44:27","modified_gmt":"2022-12-01T07:44:27","slug":"merch","status":"publish","type":"page","link":"https:\/\/www.herorace.com\/en\/merch\/","title":{"rendered":"Merch"},"content":{"rendered":"","protected":false},"excerpt":{"rendered":"","protected":false},"author":1,"featured_media":0,"parent":0,"menu_order":0,"comment_status":"closed","ping_status":"closed","template":"merch.php","meta":{"inline_featured_image":false},"acf":{"kolekcia":[{"nadpis":"Hero Race COLLECTION","popis":"<p>New edition of high-quality clothing and accessories for functional fashion lovers. We have prepared the clothing collection HERO RACE in cooperation with our partner. Select T-shirts, hoodies, headbands, jogging suits, hats, mugs, and many more products to come.<\/p>\n<p>&nbsp;<\/p>\n","obrazok":{"ID":4728,"id":4728,"title":"merch-kolekcia","filename":"merch-kolekcia.png","filesize":137059,"url":"https:\/\/www.herorace.com\/wp-content\/uploads\/2022\/08\/merch-kolekcia.png","link":"https:\/\/www.herorace.com\/en\/merch\/merch-kolekcia\/","alt":"","author":"1","description":"","caption":"","name":"merch-kolekcia","status":"inherit","uploaded_to":5926,"date":"2022-08-13 11:09:07","modified":"2022-08-13 11:09:07","menu_order":0,"mime_type":"image\/png","type":"image","subtype":"png","icon":"https:\/\/www.herorace.com\/wp-includes\/images\/media\/default.png","width":801,"height":769,"sizes":{"thumbnail":"https:\/\/www.herorace.com\/wp-content\/uploads\/2022\/08\/merch-kolekcia-150x150.png","thumbnail-width":150,"thumbnail-height":150,"medium":"https:\/\/www.herorace.com\/wp-content\/uploads\/2022\/08\/merch-kolekcia-300x288.png","medium-width":300,"medium-height":288,"medium_large":"https:\/\/www.herorace.com\/wp-content\/uploads\/2022\/08\/merch-kolekcia-768x737.png","medium_large-width":768,"medium_large-height":737,"large":"https:\/\/www.herorace.com\/wp-content\/uploads\/2022\/08\/merch-kolekcia.png","large-width":801,"large-height":769,"RoboGalleryMansoryImagesCenter":"https:\/\/www.herorace.com\/wp-content\/uploads\/2022\/08\/merch-kolekcia-600x769.png","RoboGalleryMansoryImagesCenter-width":600,"RoboGalleryMansoryImagesCenter-height":769,"RoboGalleryMansoryImagesTop":"https:\/\/www.herorace.com\/wp-content\/uploads\/2022\/08\/merch-kolekcia-600x769.png","RoboGalleryMansoryImagesTop-width":600,"RoboGalleryMansoryImagesTop-height":769,"1536x1536":"https:\/\/www.herorace.com\/wp-content\/uploads\/2022\/08\/merch-kolekcia.png","1536x1536-width":801,"1536x1536-height":769,"2048x2048":"https:\/\/www.herorace.com\/wp-content\/uploads\/2022\/08\/merch-kolekcia.png","2048x2048-width":801,"2048x2048-height":769,"custom":"https:\/\/www.herorace.com\/wp-content\/uploads\/2022\/08\/merch-kolekcia-180x180.png","custom-width":180,"custom-height":180}}}],"obchod":[{"ikony":[{"ikona":{"ID":4729,"id":4729,"title":"icon-velkostnetabulky","filename":"icon-velkostnetabulky.png","filesize":2222,"url":"https:\/\/www.herorace.com\/wp-content\/uploads\/2022\/08\/icon-velkostnetabulky.png","link":"https:\/\/www.herorace.com\/en\/merch\/icon-velkostnetabulky\/","alt":"","author":"1","description":"","caption":"","name":"icon-velkostnetabulky","status":"inherit","uploaded_to":5926,"date":"2022-08-13 11:09:28","modified":"2022-08-13 11:09:28","menu_order":0,"mime_type":"image\/png","type":"image","subtype":"png","icon":"https:\/\/www.herorace.com\/wp-includes\/images\/media\/default.png","width":96,"height":86,"sizes":{"thumbnail":"https:\/\/www.herorace.com\/wp-content\/uploads\/2022\/08\/icon-velkostnetabulky.png","thumbnail-width":96,"thumbnail-height":86,"medium":"https:\/\/www.herorace.com\/wp-content\/uploads\/2022\/08\/icon-velkostnetabulky.png","medium-width":96,"medium-height":86,"medium_large":"https:\/\/www.herorace.com\/wp-content\/uploads\/2022\/08\/icon-velkostnetabulky.png","medium_large-width":96,"medium_large-height":86,"large":"https:\/\/www.herorace.com\/wp-content\/uploads\/2022\/08\/icon-velkostnetabulky.png","large-width":96,"large-height":86,"RoboGalleryMansoryImagesCenter":"https:\/\/www.herorace.com\/wp-content\/uploads\/2022\/08\/icon-velkostnetabulky.png","RoboGalleryMansoryImagesCenter-width":96,"RoboGalleryMansoryImagesCenter-height":86,"RoboGalleryMansoryImagesTop":"https:\/\/www.herorace.com\/wp-content\/uploads\/2022\/08\/icon-velkostnetabulky.png","RoboGalleryMansoryImagesTop-width":96,"RoboGalleryMansoryImagesTop-height":86,"1536x1536":"https:\/\/www.herorace.com\/wp-content\/uploads\/2022\/08\/icon-velkostnetabulky.png","1536x1536-width":96,"1536x1536-height":86,"2048x2048":"https:\/\/www.herorace.com\/wp-content\/uploads\/2022\/08\/icon-velkostnetabulky.png","2048x2048-width":96,"2048x2048-height":86,"custom":"https:\/\/www.herorace.com\/wp-content\/uploads\/2022\/08\/icon-velkostnetabulky.png","custom-width":96,"custom-height":86}},"popis":"The size charts"},{"ikona":{"ID":4730,"id":4730,"title":"icon-prezenydetimuzov","filename":"icon-prezenydetimuzov.png","filesize":3148,"url":"https:\/\/www.herorace.com\/wp-content\/uploads\/2022\/08\/icon-prezenydetimuzov.png","link":"https:\/\/www.herorace.com\/en\/merch\/icon-prezenydetimuzov\/","alt":"","author":"1","description":"","caption":"","name":"icon-prezenydetimuzov","status":"inherit","uploaded_to":5926,"date":"2022-08-13 11:09:45","modified":"2022-08-13 11:09:45","menu_order":0,"mime_type":"image\/png","type":"image","subtype":"png","icon":"https:\/\/www.herorace.com\/wp-includes\/images\/media\/default.png","width":110,"height":115,"sizes":{"thumbnail":"https:\/\/www.herorace.com\/wp-content\/uploads\/2022\/08\/icon-prezenydetimuzov.png","thumbnail-width":110,"thumbnail-height":115,"medium":"https:\/\/www.herorace.com\/wp-content\/uploads\/2022\/08\/icon-prezenydetimuzov.png","medium-width":110,"medium-height":115,"medium_large":"https:\/\/www.herorace.com\/wp-content\/uploads\/2022\/08\/icon-prezenydetimuzov.png","medium_large-width":110,"medium_large-height":115,"large":"https:\/\/www.herorace.com\/wp-content\/uploads\/2022\/08\/icon-prezenydetimuzov.png","large-width":110,"large-height":115,"RoboGalleryMansoryImagesCenter":"https:\/\/www.herorace.com\/wp-content\/uploads\/2022\/08\/icon-prezenydetimuzov.png","RoboGalleryMansoryImagesCenter-width":110,"RoboGalleryMansoryImagesCenter-height":115,"RoboGalleryMansoryImagesTop":"https:\/\/www.herorace.com\/wp-content\/uploads\/2022\/08\/icon-prezenydetimuzov.png","RoboGalleryMansoryImagesTop-width":110,"RoboGalleryMansoryImagesTop-height":115,"1536x1536":"https:\/\/www.herorace.com\/wp-content\/uploads\/2022\/08\/icon-prezenydetimuzov.png","1536x1536-width":110,"1536x1536-height":115,"2048x2048":"https:\/\/www.herorace.com\/wp-content\/uploads\/2022\/08\/icon-prezenydetimuzov.png","2048x2048-width":110,"2048x2048-height":115,"custom":"https:\/\/www.herorace.com\/wp-content\/uploads\/2022\/08\/icon-prezenydetimuzov.png","custom-width":110,"custom-height":115}},"popis":"For women, children, men"},{"ikona":{"ID":4731,"id":4731,"title":"icon-kvalitnematerialy","filename":"icon-kvalitnematerialy.png","filesize":1981,"url":"https:\/\/www.herorace.com\/wp-content\/uploads\/2022\/08\/icon-kvalitnematerialy.png","link":"https:\/\/www.herorace.com\/en\/merch\/icon-kvalitnematerialy\/","alt":"","author":"1","description":"","caption":"","name":"icon-kvalitnematerialy","status":"inherit","uploaded_to":5926,"date":"2022-08-13 11:10:08","modified":"2022-08-13 11:10:08","menu_order":0,"mime_type":"image\/png","type":"image","subtype":"png","icon":"https:\/\/www.herorace.com\/wp-includes\/images\/media\/default.png","width":92,"height":108,"sizes":{"thumbnail":"https:\/\/www.herorace.com\/wp-content\/uploads\/2022\/08\/icon-kvalitnematerialy.png","thumbnail-width":92,"thumbnail-height":108,"medium":"https:\/\/www.herorace.com\/wp-content\/uploads\/2022\/08\/icon-kvalitnematerialy.png","medium-width":92,"medium-height":108,"medium_large":"https:\/\/www.herorace.com\/wp-content\/uploads\/2022\/08\/icon-kvalitnematerialy.png","medium_large-width":92,"medium_large-height":108,"large":"https:\/\/www.herorace.com\/wp-content\/uploads\/2022\/08\/icon-kvalitnematerialy.png","large-width":92,"large-height":108,"RoboGalleryMansoryImagesCenter":"https:\/\/www.herorace.com\/wp-content\/uploads\/2022\/08\/icon-kvalitnematerialy.png","RoboGalleryMansoryImagesCenter-width":92,"RoboGalleryMansoryImagesCenter-height":108,"RoboGalleryMansoryImagesTop":"https:\/\/www.herorace.com\/wp-content\/uploads\/2022\/08\/icon-kvalitnematerialy.png","RoboGalleryMansoryImagesTop-width":92,"RoboGalleryMansoryImagesTop-height":108,"1536x1536":"https:\/\/www.herorace.com\/wp-content\/uploads\/2022\/08\/icon-kvalitnematerialy.png","1536x1536-width":92,"1536x1536-height":108,"2048x2048":"https:\/\/www.herorace.com\/wp-content\/uploads\/2022\/08\/icon-kvalitnematerialy.png","2048x2048-width":92,"2048x2048-height":108,"custom":"https:\/\/www.herorace.com\/wp-content\/uploads\/2022\/08\/icon-kvalitnematerialy.png","custom-width":92,"custom-height":108}},"popis":"Quality material"},{"ikona":{"ID":4732,"id":4732,"title":"icon-vyberfarieb","filename":"icon-vyberfarieb.png","filesize":3247,"url":"https:\/\/www.herorace.com\/wp-content\/uploads\/2022\/08\/icon-vyberfarieb.png","link":"https:\/\/www.herorace.com\/en\/merch\/icon-vyberfarieb\/","alt":"","author":"1","description":"","caption":"","name":"icon-vyberfarieb","status":"inherit","uploaded_to":5926,"date":"2022-08-13 11:10:20","modified":"2022-08-13 11:10:20","menu_order":0,"mime_type":"image\/png","type":"image","subtype":"png","icon":"https:\/\/www.herorace.com\/wp-includes\/images\/media\/default.png","width":113,"height":120,"sizes":{"thumbnail":"https:\/\/www.herorace.com\/wp-content\/uploads\/2022\/08\/icon-vyberfarieb.png","thumbnail-width":113,"thumbnail-height":120,"medium":"https:\/\/www.herorace.com\/wp-content\/uploads\/2022\/08\/icon-vyberfarieb.png","medium-width":113,"medium-height":120,"medium_large":"https:\/\/www.herorace.com\/wp-content\/uploads\/2022\/08\/icon-vyberfarieb.png","medium_large-width":113,"medium_large-height":120,"large":"https:\/\/www.herorace.com\/wp-content\/uploads\/2022\/08\/icon-vyberfarieb.png","large-width":113,"large-height":120,"RoboGalleryMansoryImagesCenter":"https:\/\/www.herorace.com\/wp-content\/uploads\/2022\/08\/icon-vyberfarieb.png","RoboGalleryMansoryImagesCenter-width":113,"RoboGalleryMansoryImagesCenter-height":120,"RoboGalleryMansoryImagesTop":"https:\/\/www.herorace.com\/wp-content\/uploads\/2022\/08\/icon-vyberfarieb.png","RoboGalleryMansoryImagesTop-width":113,"RoboGalleryMansoryImagesTop-height":120,"1536x1536":"https:\/\/www.herorace.com\/wp-content\/uploads\/2022\/08\/icon-vyberfarieb.png","1536x1536-width":113,"1536x1536-height":120,"2048x2048":"https:\/\/www.herorace.com\/wp-content\/uploads\/2022\/08\/icon-vyberfarieb.png","2048x2048-width":113,"2048x2048-height":120,"custom":"https:\/\/www.herorace.com\/wp-content\/uploads\/2022\/08\/icon-vyberfarieb.png","custom-width":113,"custom-height":120}},"popis":"The color selection"},{"ikona":{"ID":4733,"id":4733,"title":"icon-priedusneafunkcne","filename":"icon-priedusneafunkcne.png","filesize":2234,"url":"https:\/\/www.herorace.com\/wp-content\/uploads\/2022\/08\/icon-priedusneafunkcne.png","link":"https:\/\/www.herorace.com\/en\/merch\/icon-priedusneafunkcne\/","alt":"","author":"1","description":"","caption":"","name":"icon-priedusneafunkcne","status":"inherit","uploaded_to":5926,"date":"2022-08-13 11:10:32","modified":"2022-08-13 11:10:32","menu_order":0,"mime_type":"image\/png","type":"image","subtype":"png","icon":"https:\/\/www.herorace.com\/wp-includes\/images\/media\/default.png","width":129,"height":105,"sizes":{"thumbnail":"https:\/\/www.herorace.com\/wp-content\/uploads\/2022\/08\/icon-priedusneafunkcne.png","thumbnail-width":129,"thumbnail-height":105,"medium":"https:\/\/www.herorace.com\/wp-content\/uploads\/2022\/08\/icon-priedusneafunkcne.png","medium-width":129,"medium-height":105,"medium_large":"https:\/\/www.herorace.com\/wp-content\/uploads\/2022\/08\/icon-priedusneafunkcne.png","medium_large-width":129,"medium_large-height":105,"large":"https:\/\/www.herorace.com\/wp-content\/uploads\/2022\/08\/icon-priedusneafunkcne.png","large-width":129,"large-height":105,"RoboGalleryMansoryImagesCenter":"https:\/\/www.herorace.com\/wp-content\/uploads\/2022\/08\/icon-priedusneafunkcne.png","RoboGalleryMansoryImagesCenter-width":129,"RoboGalleryMansoryImagesCenter-height":105,"RoboGalleryMansoryImagesTop":"https:\/\/www.herorace.com\/wp-content\/uploads\/2022\/08\/icon-priedusneafunkcne.png","RoboGalleryMansoryImagesTop-width":129,"RoboGalleryMansoryImagesTop-height":105,"1536x1536":"https:\/\/www.herorace.com\/wp-content\/uploads\/2022\/08\/icon-priedusneafunkcne.png","1536x1536-width":129,"1536x1536-height":105,"2048x2048":"https:\/\/www.herorace.com\/wp-content\/uploads\/2022\/08\/icon-priedusneafunkcne.png","2048x2048-width":129,"2048x2048-height":105,"custom":"https:\/\/www.herorace.com\/wp-content\/uploads\/2022\/08\/icon-priedusneafunkcne.png","custom-width":129,"custom-height":105}},"popis":"Airy and functional"},{"ikona":{"ID":4734,"id":4734,"title":"icon-originalnydizajn","filename":"icon-originalnydizajn.png","filesize":1775,"url":"https:\/\/www.herorace.com\/wp-content\/uploads\/2022\/08\/icon-originalnydizajn.png","link":"https:\/\/www.herorace.com\/en\/merch\/icon-originalnydizajn\/","alt":"","author":"1","description":"","caption":"","name":"icon-originalnydizajn","status":"inherit","uploaded_to":5926,"date":"2022-08-13 11:10:49","modified":"2022-08-13 11:10:49","menu_order":0,"mime_type":"image\/png","type":"image","subtype":"png","icon":"https:\/\/www.herorace.com\/wp-includes\/images\/media\/default.png","width":105,"height":114,"sizes":{"thumbnail":"https:\/\/www.herorace.com\/wp-content\/uploads\/2022\/08\/icon-originalnydizajn.png","thumbnail-width":105,"thumbnail-height":114,"medium":"https:\/\/www.herorace.com\/wp-content\/uploads\/2022\/08\/icon-originalnydizajn.png","medium-width":105,"medium-height":114,"medium_large":"https:\/\/www.herorace.com\/wp-content\/uploads\/2022\/08\/icon-originalnydizajn.png","medium_large-width":105,"medium_large-height":114,"large":"https:\/\/www.herorace.com\/wp-content\/uploads\/2022\/08\/icon-originalnydizajn.png","large-width":105,"large-height":114,"RoboGalleryMansoryImagesCenter":"https:\/\/www.herorace.com\/wp-content\/uploads\/2022\/08\/icon-originalnydizajn.png","RoboGalleryMansoryImagesCenter-width":105,"RoboGalleryMansoryImagesCenter-height":114,"RoboGalleryMansoryImagesTop":"https:\/\/www.herorace.com\/wp-content\/uploads\/2022\/08\/icon-originalnydizajn.png","RoboGalleryMansoryImagesTop-width":105,"RoboGalleryMansoryImagesTop-height":114,"1536x1536":"https:\/\/www.herorace.com\/wp-content\/uploads\/2022\/08\/icon-originalnydizajn.png","1536x1536-width":105,"1536x1536-height":114,"2048x2048":"https:\/\/www.herorace.com\/wp-content\/uploads\/2022\/08\/icon-originalnydizajn.png","2048x2048-width":105,"2048x2048-height":114,"custom":"https:\/\/www.herorace.com\/wp-content\/uploads\/2022\/08\/icon-originalnydizajn.png","custom-width":105,"custom-height":114}},"popis":"Original design"}],"obrazok":{"ID":4735,"id":4735,"title":"merch-obchod","filename":"merch-obchod.png","filesize":134476,"url":"https:\/\/www.herorace.com\/wp-content\/uploads\/2022\/08\/merch-obchod.png","link":"https:\/\/www.herorace.com\/en\/merch\/merch-obchod\/","alt":"","author":"1","description":"","caption":"","name":"merch-obchod","status":"inherit","uploaded_to":5926,"date":"2022-08-13 11:11:01","modified":"2022-08-13 11:11:01","menu_order":0,"mime_type":"image\/png","type":"image","subtype":"png","icon":"https:\/\/www.herorace.com\/wp-includes\/images\/media\/default.png","width":573,"height":959,"sizes":{"thumbnail":"https:\/\/www.herorace.com\/wp-content\/uploads\/2022\/08\/merch-obchod-150x150.png","thumbnail-width":150,"thumbnail-height":150,"medium":"https:\/\/www.herorace.com\/wp-content\/uploads\/2022\/08\/merch-obchod-179x300.png","medium-width":179,"medium-height":300,"medium_large":"https:\/\/www.herorace.com\/wp-content\/uploads\/2022\/08\/merch-obchod.png","medium_large-width":573,"medium_large-height":959,"large":"https:\/\/www.herorace.com\/wp-content\/uploads\/2022\/08\/merch-obchod.png","large-width":573,"large-height":959,"RoboGalleryMansoryImagesCenter":"https:\/\/www.herorace.com\/wp-content\/uploads\/2022\/08\/merch-obchod.png","RoboGalleryMansoryImagesCenter-width":573,"RoboGalleryMansoryImagesCenter-height":959,"RoboGalleryMansoryImagesTop":"https:\/\/www.herorace.com\/wp-content\/uploads\/2022\/08\/merch-obchod.png","RoboGalleryMansoryImagesTop-width":573,"RoboGalleryMansoryImagesTop-height":959,"1536x1536":"https:\/\/www.herorace.com\/wp-content\/uploads\/2022\/08\/merch-obchod.png","1536x1536-width":573,"1536x1536-height":959,"2048x2048":"https:\/\/www.herorace.com\/wp-content\/uploads\/2022\/08\/merch-obchod.png","2048x2048-width":573,"2048x2048-height":959,"custom":"https:\/\/www.herorace.com\/wp-content\/uploads\/2022\/08\/merch-obchod-180x180.png","custom-width":180,"custom-height":180}},"tlacidlo":[{"link":"https:\/\/fanzone.sk\/kategoria-produktu\/kolekcie\/hero-race\/","text_tlacidla":"SHOP"}]}]},"yoast_head":"<!-- This site is optimized with the Yoast SEO plugin v20.5 - https:\/\/yoast.com\/wordpress\/plugins\/seo\/ -->\n<title>Merch - Hero Race<\/title>\n<meta name=\"description\" content=\"New edition of high-quality clothing and accessories for functional fashion lovers. We have prepared the clothing collection HERO RACE in cooperation with our partner. Select T-shirts, hoodies, headbands, jogging suits, hats, mugs, and many more products to come.\" \/>\n<meta name=\"robots\" content=\"index, follow, max-snippet:-1, max-image-preview:large, max-video-preview:-1\" \/>\n<link rel=\"canonical\" href=\"https:\/\/www.herorace.com\/en\/merch\/\" \/>\n<meta property=\"og:locale\" content=\"en_US\" \/>\n<meta property=\"og:type\" content=\"article\" \/>\n<meta property=\"og:title\" content=\"Hero Race Merch\" \/>\n<meta property=\"og:description\" content=\"Nov\u00e1 ed\u00edcia kvalitn\u00e9ho oble\u010denia a doplnkov pre milovn\u00edkov funk\u010dnej m\u00f3dy. V spolupr\u00e1ci s na\u0161im partnerom sme pre v\u00e1s pripravili kolekciu oble\u010denia HERO RACE. Na v\u00fdber s\u00fa nielen tri\u010dk\u00e1, ale aj mikiny, \u010delenky, tepl\u00e1ky, \u010diapky, hrn\u010deky, prib\u00fada\u0165 bud\u00fa nov\u00e9 a nov\u00e9 produkty.\" \/>\n<meta property=\"og:url\" content=\"https:\/\/www.herorace.com\/en\/merch\/\" \/>\n<meta property=\"og:site_name\" content=\"Hero Race\" \/>\n<meta property=\"article:modified_time\" content=\"2022-12-01T07:44:27+00:00\" \/>\n<meta property=\"og:image\" content=\"https:\/\/www.herorace.com\/wp-content\/uploads\/2022\/08\/merch-header.png\" \/>\n\t<meta property=\"og:image:width\" content=\"2500\" \/>\n\t<meta property=\"og:image:height\" content=\"1242\" \/>\n\t<meta property=\"og:image:type\" content=\"image\/png\" \/>\n<meta name=\"twitter:card\" content=\"summary_large_image\" \/>\n<meta name=\"twitter:title\" content=\"Hero Race Merch\" \/>\n<meta name=\"twitter:description\" content=\"Nov\u00e1 ed\u00edcia kvalitn\u00e9ho oble\u010denia a doplnkov pre milovn\u00edkov funk\u010dnej m\u00f3dy. V spolupr\u00e1ci s na\u0161im partnerom sme pre v\u00e1s pripravili kolekciu oble\u010denia HERO RACE. Na v\u00fdber s\u00fa nielen tri\u010dk\u00e1, ale aj mikiny, \u010delenky, tepl\u00e1ky, \u010diapky, hrn\u010deky, prib\u00fada\u0165 bud\u00fa nov\u00e9 a nov\u00e9 produkty.\" \/>\n<meta name=\"twitter:image\" content=\"https:\/\/www.herorace.com\/wp-content\/uploads\/2022\/08\/merch-header.png\" \/>\n<script type=\"application\/ld+json\" class=\"yoast-schema-graph\">{\"@context\":\"https:\/\/schema.org\",\"@graph\":[{\"@type\":\"WebPage\",\"@id\":\"https:\/\/www.herorace.com\/en\/merch\/\",\"url\":\"https:\/\/www.herorace.com\/en\/merch\/\",\"name\":\"Merch - Hero Race\",\"isPartOf\":{\"@id\":\"https:\/\/www.herorace.com\/en\/#website\"},\"datePublished\":\"2022-08-13T11:11:32+00:00\",\"dateModified\":\"2022-12-01T07:44:27+00:00\",\"description\":\"New edition of high-quality clothing and accessories for functional fashion lovers. We have prepared the clothing collection HERO RACE in cooperation with our partner. Select T-shirts, hoodies, headbands, jogging suits, hats, mugs, and many more products to come.\",\"breadcrumb\":{\"@id\":\"https:\/\/www.herorace.com\/en\/merch\/#breadcrumb\"},\"inLanguage\":\"en-US\",\"potentialAction\":[{\"@type\":\"ReadAction\",\"target\":[\"https:\/\/www.herorace.com\/en\/merch\/\"]}]},{\"@type\":\"BreadcrumbList\",\"@id\":\"https:\/\/www.herorace.com\/en\/merch\/#breadcrumb\",\"itemListElement\":[{\"@type\":\"ListItem\",\"position\":1,\"name\":\"Domovsk\u00e1 str\u00e1nka\",\"item\":\"https:\/\/www.herorace.com\/en\/__-hlavna-stranka-__\/\"},{\"@type\":\"ListItem\",\"position\":2,\"name\":\"Merch\"}]},{\"@type\":\"WebSite\",\"@id\":\"https:\/\/www.herorace.com\/en\/#website\",\"url\":\"https:\/\/www.herorace.com\/en\/\",\"name\":\"Hero Race\",\"description\":\"Len \u010fal\u0161ia WordPress str\u00e1nka\",\"potentialAction\":[{\"@type\":\"SearchAction\",\"target\":{\"@type\":\"EntryPoint\",\"urlTemplate\":\"https:\/\/www.herorace.com\/en\/?s={search_term_string}\"},\"query-input\":\"required name=search_term_string\"}],\"inLanguage\":\"en-US\"}]}<\/script>\n<!-- \/ Yoast SEO plugin. -->","yoast_head_json":{"title":"Merch - Hero Race","description":"New edition of high-quality clothing and accessories for functional fashion lovers. We have prepared the clothing collection HERO RACE in cooperation with our partner. Select T-shirts, hoodies, headbands, jogging suits, hats, mugs, and many more products to come.","robots":{"index":"index","follow":"follow","max-snippet":"max-snippet:-1","max-image-preview":"max-image-preview:large","max-video-preview":"max-video-preview:-1"},"canonical":"https:\/\/www.herorace.com\/en\/merch\/","og_locale":"en_US","og_type":"article","og_title":"Hero Race Merch","og_description":"Nov\u00e1 ed\u00edcia kvalitn\u00e9ho oble\u010denia a doplnkov pre milovn\u00edkov funk\u010dnej m\u00f3dy. V spolupr\u00e1ci s na\u0161im partnerom sme pre v\u00e1s pripravili kolekciu oble\u010denia HERO RACE. Na v\u00fdber s\u00fa nielen tri\u010dk\u00e1, ale aj mikiny, \u010delenky, tepl\u00e1ky, \u010diapky, hrn\u010deky, prib\u00fada\u0165 bud\u00fa nov\u00e9 a nov\u00e9 produkty.","og_url":"https:\/\/www.herorace.com\/en\/merch\/","og_site_name":"Hero Race","article_modified_time":"2022-12-01T07:44:27+00:00","og_image":[{"width":2500,"height":1242,"url":"https:\/\/www.herorace.com\/wp-content\/uploads\/2022\/08\/merch-header.png","type":"image\/png"}],"twitter_card":"summary_large_image","twitter_title":"Hero Race Merch","twitter_description":"Nov\u00e1 ed\u00edcia kvalitn\u00e9ho oble\u010denia a doplnkov pre milovn\u00edkov funk\u010dnej m\u00f3dy. V spolupr\u00e1ci s na\u0161im partnerom sme pre v\u00e1s pripravili kolekciu oble\u010denia HERO RACE. Na v\u00fdber s\u00fa nielen tri\u010dk\u00e1, ale aj mikiny, \u010delenky, tepl\u00e1ky, \u010diapky, hrn\u010deky, prib\u00fada\u0165 bud\u00fa nov\u00e9 a nov\u00e9 produkty.","twitter_image":"https:\/\/www.herorace.com\/wp-content\/uploads\/2022\/08\/merch-header.png","schema":{"@context":"https:\/\/schema.org","@graph":[{"@type":"WebPage","@id":"https:\/\/www.herorace.com\/en\/merch\/","url":"https:\/\/www.herorace.com\/en\/merch\/","name":"Merch - Hero Race","isPartOf":{"@id":"https:\/\/www.herorace.com\/en\/#website"},"datePublished":"2022-08-13T11:11:32+00:00","dateModified":"2022-12-01T07:44:27+00:00","description":"New edition of high-quality clothing and accessories for functional fashion lovers. We have prepared the clothing collection HERO RACE in cooperation with our partner. Select T-shirts, hoodies, headbands, jogging suits, hats, mugs, and many more products to come.","breadcrumb":{"@id":"https:\/\/www.herorace.com\/en\/merch\/#breadcrumb"},"inLanguage":"en-US","potentialAction":[{"@type":"ReadAction","target":["https:\/\/www.herorace.com\/en\/merch\/"]}]},{"@type":"BreadcrumbList","@id":"https:\/\/www.herorace.com\/en\/merch\/#breadcrumb","itemListElement":[{"@type":"ListItem","position":1,"name":"Domovsk\u00e1 str\u00e1nka","item":"https:\/\/www.herorace.com\/en\/__-hlavna-stranka-__\/"},{"@type":"ListItem","position":2,"name":"Merch"}]},{"@type":"WebSite","@id":"https:\/\/www.herorace.com\/en\/#website","url":"https:\/\/www.herorace.com\/en\/","name":"Hero Race","description":"Len \u010fal\u0161ia WordPress str\u00e1nka","potentialAction":[{"@type":"SearchAction","target":{"@type":"EntryPoint","urlTemplate":"https:\/\/www.herorace.com\/en\/?s={search_term_string}"},"query-input":"required name=search_term_string"}],"inLanguage":"en-US"}]}},"_links":{"self":[{"href":"https:\/\/www.herorace.com\/en\/wp-json\/wp\/v2\/pages\/5926"}],"collection":[{"href":"https:\/\/www.herorace.com\/en\/wp-json\/wp\/v2\/pages"}],"about":[{"href":"https:\/\/www.herorace.com\/en\/wp-json\/wp\/v2\/types\/page"}],"author":[{"embeddable":true,"href":"https:\/\/www.herorace.com\/en\/wp-json\/wp\/v2\/users\/1"}],"replies":[{"embeddable":true,"href":"https:\/\/www.herorace.com\/en\/wp-json\/wp\/v2\/comments?post=5926"}],"version-history":[{"count":3,"href":"https:\/\/www.herorace.com\/en\/wp-json\/wp\/v2\/pages\/5926\/revisions"}],"predecessor-version":[{"id":6184,"href":"https:\/\/www.herorace.com\/en\/wp-json\/wp\/v2\/pages\/5926\/revisions\/6184"}],"wp:attachment":[{"href":"https:\/\/www.herorace.com\/en\/wp-json\/wp\/v2\/media?parent=5926"}],"curies":[{"name":"wp","href":"https:\/\/api.w.org\/{rel}","templated":true}]}}