{"id":5920,"date":"2021-05-11T00:02:04","date_gmt":"2021-05-10T22:02:04","guid":{"rendered":"https:\/\/www.herorace.com\/kontakt\/"},"modified":"2022-12-01T14:21:04","modified_gmt":"2022-12-01T13:21:04","slug":"contact","status":"publish","type":"page","link":"https:\/\/www.herorace.com\/en\/contact\/","title":{"rendered":"Contact"},"content":{"rendered":"","protected":false},"excerpt":{"rendered":"","protected":false},"author":1,"featured_media":0,"parent":0,"menu_order":0,"comment_status":"closed","ping_status":"closed","template":"contact.php","meta":{"inline_featured_image":false},"acf":{"telefon":"+421 910 845 055","email":"info@herorace.com","organizator":[{"nadpis":"Race orgranizer","popis":"<p><strong>Name:<\/strong> PIEROTT n.o.<\/p>\n<p><strong>Address:<\/strong> Volgogradsk\u00e1 4787\/18, 080 01 Pre\u0161ov, Slovensk\u00e1 republika<\/p>\n<p><strong>ID number:<\/strong> 45740372<\/p>\n"}]},"yoast_head":"<!-- This site is optimized with the Yoast SEO plugin v20.5 - https:\/\/yoast.com\/wordpress\/plugins\/seo\/ -->\n<title>Contact | The hurdle race | Hero Race<\/title>\n<meta name=\"description\" content=\"An extraordinary sports experience that will exceed your expectations. 300+ competitors, 2000+ spectators, 4 km track and 40+ obstacles.\" \/>\n<meta name=\"robots\" content=\"index, follow, max-snippet:-1, max-image-preview:large, max-video-preview:-1\" \/>\n<link rel=\"canonical\" href=\"https:\/\/www.herorace.com\/en\/contact\/\" \/>\n<meta property=\"og:locale\" content=\"en_US\" \/>\n<meta property=\"og:type\" content=\"article\" \/>\n<meta property=\"og:title\" content=\"Contact | The hurdle race | Hero Race\" \/>\n<meta property=\"og:description\" content=\"An extraordinary sports experience that will exceed your expectations. 300+ competitors, 2000+ spectators, 4 km track and 40+ obstacles.\" \/>\n<meta property=\"og:url\" content=\"https:\/\/www.herorace.com\/en\/contact\/\" \/>\n<meta property=\"og:site_name\" content=\"Hero Race\" \/>\n<meta property=\"article:modified_time\" content=\"2022-12-01T13:21:04+00:00\" \/>\n<meta name=\"twitter:card\" content=\"summary_large_image\" \/>\n<script type=\"application\/ld+json\" class=\"yoast-schema-graph\">{\"@context\":\"https:\/\/schema.org\",\"@graph\":[{\"@type\":\"WebPage\",\"@id\":\"https:\/\/www.herorace.com\/en\/contact\/\",\"url\":\"https:\/\/www.herorace.com\/en\/contact\/\",\"name\":\"Contact | The hurdle race | Hero Race\",\"isPartOf\":{\"@id\":\"https:\/\/www.herorace.com\/en\/#website\"},\"datePublished\":\"2021-05-10T22:02:04+00:00\",\"dateModified\":\"2022-12-01T13:21:04+00:00\",\"description\":\"An extraordinary sports experience that will exceed your expectations. 300+ competitors, 2000+ spectators, 4 km track and 40+ obstacles.\",\"breadcrumb\":{\"@id\":\"https:\/\/www.herorace.com\/en\/contact\/#breadcrumb\"},\"inLanguage\":\"en-US\",\"potentialAction\":[{\"@type\":\"ReadAction\",\"target\":[\"https:\/\/www.herorace.com\/en\/contact\/\"]}]},{\"@type\":\"BreadcrumbList\",\"@id\":\"https:\/\/www.herorace.com\/en\/contact\/#breadcrumb\",\"itemListElement\":[{\"@type\":\"ListItem\",\"position\":1,\"name\":\"Domovsk\u00e1 str\u00e1nka\",\"item\":\"https:\/\/www.herorace.com\/en\/__-hlavna-stranka-__\/\"},{\"@type\":\"ListItem\",\"position\":2,\"name\":\"Contact\"}]},{\"@type\":\"WebSite\",\"@id\":\"https:\/\/www.herorace.com\/en\/#website\",\"url\":\"https:\/\/www.herorace.com\/en\/\",\"name\":\"Hero Race\",\"description\":\"Len \u010fal\u0161ia WordPress str\u00e1nka\",\"potentialAction\":[{\"@type\":\"SearchAction\",\"target\":{\"@type\":\"EntryPoint\",\"urlTemplate\":\"https:\/\/www.herorace.com\/en\/?s={search_term_string}\"},\"query-input\":\"required name=search_term_string\"}],\"inLanguage\":\"en-US\"}]}<\/script>\n<!-- \/ Yoast SEO plugin. -->","yoast_head_json":{"title":"Contact | The hurdle race | Hero Race","description":"An extraordinary sports experience that will exceed your expectations. 300+ competitors, 2000+ spectators, 4 km track and 40+ obstacles.","robots":{"index":"index","follow":"follow","max-snippet":"max-snippet:-1","max-image-preview":"max-image-preview:large","max-video-preview":"max-video-preview:-1"},"canonical":"https:\/\/www.herorace.com\/en\/contact\/","og_locale":"en_US","og_type":"article","og_title":"Contact | The hurdle race | Hero Race","og_description":"An extraordinary sports experience that will exceed your expectations. 300+ competitors, 2000+ spectators, 4 km track and 40+ obstacles.","og_url":"https:\/\/www.herorace.com\/en\/contact\/","og_site_name":"Hero Race","article_modified_time":"2022-12-01T13:21:04+00:00","twitter_card":"summary_large_image","schema":{"@context":"https:\/\/schema.org","@graph":[{"@type":"WebPage","@id":"https:\/\/www.herorace.com\/en\/contact\/","url":"https:\/\/www.herorace.com\/en\/contact\/","name":"Contact | The hurdle race | Hero Race","isPartOf":{"@id":"https:\/\/www.herorace.com\/en\/#website"},"datePublished":"2021-05-10T22:02:04+00:00","dateModified":"2022-12-01T13:21:04+00:00","description":"An extraordinary sports experience that will exceed your expectations. 300+ competitors, 2000+ spectators, 4 km track and 40+ obstacles.","breadcrumb":{"@id":"https:\/\/www.herorace.com\/en\/contact\/#breadcrumb"},"inLanguage":"en-US","potentialAction":[{"@type":"ReadAction","target":["https:\/\/www.herorace.com\/en\/contact\/"]}]},{"@type":"BreadcrumbList","@id":"https:\/\/www.herorace.com\/en\/contact\/#breadcrumb","itemListElement":[{"@type":"ListItem","position":1,"name":"Domovsk\u00e1 str\u00e1nka","item":"https:\/\/www.herorace.com\/en\/__-hlavna-stranka-__\/"},{"@type":"ListItem","position":2,"name":"Contact"}]},{"@type":"WebSite","@id":"https:\/\/www.herorace.com\/en\/#website","url":"https:\/\/www.herorace.com\/en\/","name":"Hero Race","description":"Len \u010fal\u0161ia WordPress str\u00e1nka","potentialAction":[{"@type":"SearchAction","target":{"@type":"EntryPoint","urlTemplate":"https:\/\/www.herorace.com\/en\/?s={search_term_string}"},"query-input":"required name=search_term_string"}],"inLanguage":"en-US"}]}},"_links":{"self":[{"href":"https:\/\/www.herorace.com\/en\/wp-json\/wp\/v2\/pages\/5920"}],"collection":[{"href":"https:\/\/www.herorace.com\/en\/wp-json\/wp\/v2\/pages"}],"about":[{"href":"https:\/\/www.herorace.com\/en\/wp-json\/wp\/v2\/types\/page"}],"author":[{"embeddable":true,"href":"https:\/\/www.herorace.com\/en\/wp-json\/wp\/v2\/users\/1"}],"replies":[{"embeddable":true,"href":"https:\/\/www.herorace.com\/en\/wp-json\/wp\/v2\/comments?post=5920"}],"version-history":[{"count":3,"href":"https:\/\/www.herorace.com\/en\/wp-json\/wp\/v2\/pages\/5920\/revisions"}],"predecessor-version":[{"id":6239,"href":"https:\/\/www.herorace.com\/en\/wp-json\/wp\/v2\/pages\/5920\/revisions\/6239"}],"wp:attachment":[{"href":"https:\/\/www.herorace.com\/en\/wp-json\/wp\/v2\/media?parent=5920"}],"curies":[{"name":"wp","href":"https:\/\/api.w.org\/{rel}","templated":true}]}}