{"id":5890,"date":"2021-05-11T00:02:20","date_gmt":"2021-05-10T22:02:20","guid":{"rendered":"https:\/\/www.herorace.com\/?page_id=5890"},"modified":"2022-11-21T14:40:44","modified_gmt":"2022-11-21T13:40:44","slug":"charity","status":"publish","type":"page","link":"https:\/\/www.herorace.com\/en\/charity\/","title":{"rendered":"Charity"},"content":{"rendered":"","protected":false},"excerpt":{"rendered":"","protected":false},"author":1,"featured_media":0,"parent":0,"menu_order":0,"comment_status":"closed","ping_status":"closed","template":"charity.php","meta":{"inline_featured_image":false},"acf":{"podnadpis":"The run for a good thing","pomahame":[{"fotky":[{"ID":3347,"id":3347,"title":"fotka1","filename":"fotka1.jpg","filesize":198355,"url":"https:\/\/www.herorace.com\/wp-content\/uploads\/2021\/05\/fotka1.jpg","link":"https:\/\/www.herorace.com\/en\/charity\/fotka1-8\/","alt":"","author":"1","description":"","caption":"","name":"fotka1-8","status":"inherit","uploaded_to":5890,"date":"2021-05-17 07:52:46","modified":"2021-05-17 07:52:46","menu_order":0,"mime_type":"image\/jpeg","type":"image","subtype":"jpeg","icon":"https:\/\/www.herorace.com\/wp-includes\/images\/media\/default.png","width":494,"height":658,"sizes":{"thumbnail":"https:\/\/www.herorace.com\/wp-content\/uploads\/2021\/05\/fotka1-150x150.jpg","thumbnail-width":150,"thumbnail-height":150,"medium":"https:\/\/www.herorace.com\/wp-content\/uploads\/2021\/05\/fotka1-225x300.jpg","medium-width":225,"medium-height":300,"medium_large":"https:\/\/www.herorace.com\/wp-content\/uploads\/2021\/05\/fotka1.jpg","medium_large-width":494,"medium_large-height":658,"large":"https:\/\/www.herorace.com\/wp-content\/uploads\/2021\/05\/fotka1.jpg","large-width":494,"large-height":658,"RoboGalleryMansoryImagesCenter":"https:\/\/www.herorace.com\/wp-content\/uploads\/2021\/05\/fotka1.jpg","RoboGalleryMansoryImagesCenter-width":494,"RoboGalleryMansoryImagesCenter-height":658,"RoboGalleryMansoryImagesTop":"https:\/\/www.herorace.com\/wp-content\/uploads\/2021\/05\/fotka1.jpg","RoboGalleryMansoryImagesTop-width":494,"RoboGalleryMansoryImagesTop-height":658,"1536x1536":"https:\/\/www.herorace.com\/wp-content\/uploads\/2021\/05\/fotka1.jpg","1536x1536-width":494,"1536x1536-height":658,"2048x2048":"https:\/\/www.herorace.com\/wp-content\/uploads\/2021\/05\/fotka1.jpg","2048x2048-width":494,"2048x2048-height":658,"custom":"https:\/\/www.herorace.com\/wp-content\/uploads\/2021\/05\/fotka1-180x180.jpg","custom-width":180,"custom-height":180}},{"ID":3348,"id":3348,"title":"fotka2","filename":"fotka2.jpg","filesize":126237,"url":"https:\/\/www.herorace.com\/wp-content\/uploads\/2021\/05\/fotka2.jpg","link":"https:\/\/www.herorace.com\/en\/charity\/fotka2-8\/","alt":"","author":"1","description":"","caption":"","name":"fotka2-8","status":"inherit","uploaded_to":5890,"date":"2021-05-17 07:53:02","modified":"2021-05-17 07:53:02","menu_order":0,"mime_type":"image\/jpeg","type":"image","subtype":"jpeg","icon":"https:\/\/www.herorace.com\/wp-includes\/images\/media\/default.png","width":494,"height":658,"sizes":{"thumbnail":"https:\/\/www.herorace.com\/wp-content\/uploads\/2021\/05\/fotka2-150x150.jpg","thumbnail-width":150,"thumbnail-height":150,"medium":"https:\/\/www.herorace.com\/wp-content\/uploads\/2021\/05\/fotka2-225x300.jpg","medium-width":225,"medium-height":300,"medium_large":"https:\/\/www.herorace.com\/wp-content\/uploads\/2021\/05\/fotka2.jpg","medium_large-width":494,"medium_large-height":658,"large":"https:\/\/www.herorace.com\/wp-content\/uploads\/2021\/05\/fotka2.jpg","large-width":494,"large-height":658,"RoboGalleryMansoryImagesCenter":"https:\/\/www.herorace.com\/wp-content\/uploads\/2021\/05\/fotka2.jpg","RoboGalleryMansoryImagesCenter-width":494,"RoboGalleryMansoryImagesCenter-height":658,"RoboGalleryMansoryImagesTop":"https:\/\/www.herorace.com\/wp-content\/uploads\/2021\/05\/fotka2.jpg","RoboGalleryMansoryImagesTop-width":494,"RoboGalleryMansoryImagesTop-height":658,"1536x1536":"https:\/\/www.herorace.com\/wp-content\/uploads\/2021\/05\/fotka2.jpg","1536x1536-width":494,"1536x1536-height":658,"2048x2048":"https:\/\/www.herorace.com\/wp-content\/uploads\/2021\/05\/fotka2.jpg","2048x2048-width":494,"2048x2048-height":658,"custom":"https:\/\/www.herorace.com\/wp-content\/uploads\/2021\/05\/fotka2-180x180.jpg","custom-width":180,"custom-height":180}},{"ID":3349,"id":3349,"title":"fotka3","filename":"fotka3.jpg","filesize":247659,"url":"https:\/\/www.herorace.com\/wp-content\/uploads\/2021\/05\/fotka3.jpg","link":"https:\/\/www.herorace.com\/en\/charity\/fotka3-7\/","alt":"","author":"1","description":"","caption":"","name":"fotka3-7","status":"inherit","uploaded_to":5890,"date":"2021-05-17 07:53:06","modified":"2021-05-17 07:53:06","menu_order":0,"mime_type":"image\/jpeg","type":"image","subtype":"jpeg","icon":"https:\/\/www.herorace.com\/wp-includes\/images\/media\/default.png","width":899,"height":600,"sizes":{"thumbnail":"https:\/\/www.herorace.com\/wp-content\/uploads\/2021\/05\/fotka3-150x150.jpg","thumbnail-width":150,"thumbnail-height":150,"medium":"https:\/\/www.herorace.com\/wp-content\/uploads\/2021\/05\/fotka3-300x200.jpg","medium-width":300,"medium-height":200,"medium_large":"https:\/\/www.herorace.com\/wp-content\/uploads\/2021\/05\/fotka3-768x513.jpg","medium_large-width":768,"medium_large-height":513,"large":"https:\/\/www.herorace.com\/wp-content\/uploads\/2021\/05\/fotka3.jpg","large-width":899,"large-height":600,"RoboGalleryMansoryImagesCenter":"https:\/\/www.herorace.com\/wp-content\/uploads\/2021\/05\/fotka3.jpg","RoboGalleryMansoryImagesCenter-width":600,"RoboGalleryMansoryImagesCenter-height":400,"RoboGalleryMansoryImagesTop":"https:\/\/www.herorace.com\/wp-content\/uploads\/2021\/05\/fotka3.jpg","RoboGalleryMansoryImagesTop-width":600,"RoboGalleryMansoryImagesTop-height":400,"1536x1536":"https:\/\/www.herorace.com\/wp-content\/uploads\/2021\/05\/fotka3.jpg","1536x1536-width":899,"1536x1536-height":600,"2048x2048":"https:\/\/www.herorace.com\/wp-content\/uploads\/2021\/05\/fotka3.jpg","2048x2048-width":899,"2048x2048-height":600,"custom":"https:\/\/www.herorace.com\/wp-content\/uploads\/2021\/05\/fotka3-180x180.jpg","custom-width":180,"custom-height":180}}],"nadpis":"We help children","popis":"<p>The registration fee of each competitor is donated to a non-profit organization PIEROTT every year to use the finances to support sports-talented kids.<\/p>\n"}],"organizacia":[{"nadpis":"The organization","popis":"<p>The non-profit organization was established in 2013 to help kids in a transparent, organized, and effective way. The provided help can be seen in real results.<\/p>\n<p>Due to the help of supporters, ordinary people, and celebrities as well, Pierott has helped 400 kids from 22 districts in Slovakia.<\/p>\n","tlacidlo":[{"text":"about","stranka":"https:\/\/pierott.com\/"}],"fotky":[{"ID":3350,"id":3350,"title":"fotka4","filename":"fotka4.jpg","filesize":288663,"url":"https:\/\/www.herorace.com\/wp-content\/uploads\/2021\/05\/fotka4.jpg","link":"https:\/\/www.herorace.com\/en\/charity\/fotka4-7\/","alt":"","author":"1","description":"","caption":"","name":"fotka4-7","status":"inherit","uploaded_to":5890,"date":"2021-05-17 07:53:29","modified":"2021-05-17 07:53:29","menu_order":0,"mime_type":"image\/jpeg","type":"image","subtype":"jpeg","icon":"https:\/\/www.herorace.com\/wp-includes\/images\/media\/default.png","width":900,"height":596,"sizes":{"thumbnail":"https:\/\/www.herorace.com\/wp-content\/uploads\/2021\/05\/fotka4-150x150.jpg","thumbnail-width":150,"thumbnail-height":150,"medium":"https:\/\/www.herorace.com\/wp-content\/uploads\/2021\/05\/fotka4-300x199.jpg","medium-width":300,"medium-height":199,"medium_large":"https:\/\/www.herorace.com\/wp-content\/uploads\/2021\/05\/fotka4-768x509.jpg","medium_large-width":768,"medium_large-height":509,"large":"https:\/\/www.herorace.com\/wp-content\/uploads\/2021\/05\/fotka4.jpg","large-width":900,"large-height":596,"RoboGalleryMansoryImagesCenter":"https:\/\/www.herorace.com\/wp-content\/uploads\/2021\/05\/fotka4.jpg","RoboGalleryMansoryImagesCenter-width":600,"RoboGalleryMansoryImagesCenter-height":397,"RoboGalleryMansoryImagesTop":"https:\/\/www.herorace.com\/wp-content\/uploads\/2021\/05\/fotka4.jpg","RoboGalleryMansoryImagesTop-width":600,"RoboGalleryMansoryImagesTop-height":397,"1536x1536":"https:\/\/www.herorace.com\/wp-content\/uploads\/2021\/05\/fotka4.jpg","1536x1536-width":900,"1536x1536-height":596,"2048x2048":"https:\/\/www.herorace.com\/wp-content\/uploads\/2021\/05\/fotka4.jpg","2048x2048-width":900,"2048x2048-height":596,"custom":"https:\/\/www.herorace.com\/wp-content\/uploads\/2021\/05\/fotka4-180x180.jpg","custom-width":180,"custom-height":180}},{"ID":3351,"id":3351,"title":"fotka5","filename":"fotka5.jpg","filesize":145460,"url":"https:\/\/www.herorace.com\/wp-content\/uploads\/2021\/05\/fotka5.jpg","link":"https:\/\/www.herorace.com\/en\/charity\/fotka5-6\/","alt":"","author":"1","description":"","caption":"","name":"fotka5-6","status":"inherit","uploaded_to":5890,"date":"2021-05-17 07:53:32","modified":"2021-05-17 07:53:32","menu_order":0,"mime_type":"image\/jpeg","type":"image","subtype":"jpeg","icon":"https:\/\/www.herorace.com\/wp-includes\/images\/media\/default.png","width":494,"height":658,"sizes":{"thumbnail":"https:\/\/www.herorace.com\/wp-content\/uploads\/2021\/05\/fotka5-150x150.jpg","thumbnail-width":150,"thumbnail-height":150,"medium":"https:\/\/www.herorace.com\/wp-content\/uploads\/2021\/05\/fotka5-225x300.jpg","medium-width":225,"medium-height":300,"medium_large":"https:\/\/www.herorace.com\/wp-content\/uploads\/2021\/05\/fotka5.jpg","medium_large-width":494,"medium_large-height":658,"large":"https:\/\/www.herorace.com\/wp-content\/uploads\/2021\/05\/fotka5.jpg","large-width":494,"large-height":658,"RoboGalleryMansoryImagesCenter":"https:\/\/www.herorace.com\/wp-content\/uploads\/2021\/05\/fotka5.jpg","RoboGalleryMansoryImagesCenter-width":494,"RoboGalleryMansoryImagesCenter-height":658,"RoboGalleryMansoryImagesTop":"https:\/\/www.herorace.com\/wp-content\/uploads\/2021\/05\/fotka5.jpg","RoboGalleryMansoryImagesTop-width":494,"RoboGalleryMansoryImagesTop-height":658,"1536x1536":"https:\/\/www.herorace.com\/wp-content\/uploads\/2021\/05\/fotka5.jpg","1536x1536-width":494,"1536x1536-height":658,"2048x2048":"https:\/\/www.herorace.com\/wp-content\/uploads\/2021\/05\/fotka5.jpg","2048x2048-width":494,"2048x2048-height":658,"custom":"https:\/\/www.herorace.com\/wp-content\/uploads\/2021\/05\/fotka5-180x180.jpg","custom-width":180,"custom-height":180}},{"ID":3352,"id":3352,"title":"fotka6","filename":"fotka6.jpg","filesize":387891,"url":"https:\/\/www.herorace.com\/wp-content\/uploads\/2021\/05\/fotka6.jpg","link":"https:\/\/www.herorace.com\/en\/charity\/fotka6-6\/","alt":"","author":"1","description":"","caption":"","name":"fotka6-6","status":"inherit","uploaded_to":5890,"date":"2021-05-17 07:53:36","modified":"2021-05-17 07:53:36","menu_order":0,"mime_type":"image\/jpeg","type":"image","subtype":"jpeg","icon":"https:\/\/www.herorace.com\/wp-includes\/images\/media\/default.png","width":986,"height":658,"sizes":{"thumbnail":"https:\/\/www.herorace.com\/wp-content\/uploads\/2021\/05\/fotka6-150x150.jpg","thumbnail-width":150,"thumbnail-height":150,"medium":"https:\/\/www.herorace.com\/wp-content\/uploads\/2021\/05\/fotka6-300x200.jpg","medium-width":300,"medium-height":200,"medium_large":"https:\/\/www.herorace.com\/wp-content\/uploads\/2021\/05\/fotka6-768x513.jpg","medium_large-width":768,"medium_large-height":513,"large":"https:\/\/www.herorace.com\/wp-content\/uploads\/2021\/05\/fotka6.jpg","large-width":986,"large-height":658,"RoboGalleryMansoryImagesCenter":"https:\/\/www.herorace.com\/wp-content\/uploads\/2021\/05\/fotka6.jpg","RoboGalleryMansoryImagesCenter-width":600,"RoboGalleryMansoryImagesCenter-height":400,"RoboGalleryMansoryImagesTop":"https:\/\/www.herorace.com\/wp-content\/uploads\/2021\/05\/fotka6.jpg","RoboGalleryMansoryImagesTop-width":600,"RoboGalleryMansoryImagesTop-height":400,"1536x1536":"https:\/\/www.herorace.com\/wp-content\/uploads\/2021\/05\/fotka6.jpg","1536x1536-width":986,"1536x1536-height":658,"2048x2048":"https:\/\/www.herorace.com\/wp-content\/uploads\/2021\/05\/fotka6.jpg","2048x2048-width":986,"2048x2048-height":658,"custom":"https:\/\/www.herorace.com\/wp-content\/uploads\/2021\/05\/fotka6-180x180.jpg","custom-width":180,"custom-height":180}}]}]},"yoast_head":"<!-- This site is optimized with the Yoast SEO plugin v20.5 - https:\/\/yoast.com\/wordpress\/plugins\/seo\/ -->\n<title>The run for a good thing | Hurdle race | Hero Race<\/title>\n<meta name=\"description\" content=\"Hero Race helps children.The registration fee of each competitor is donated to a non-profit organization PIEROTT to use the finances to support sports-talented kids.\" \/>\n<meta name=\"robots\" content=\"index, follow, max-snippet:-1, max-image-preview:large, max-video-preview:-1\" \/>\n<link rel=\"canonical\" href=\"https:\/\/www.herorace.com\/en\/charity\/\" \/>\n<meta property=\"og:locale\" content=\"en_US\" \/>\n<meta property=\"og:type\" content=\"article\" \/>\n<meta property=\"og:title\" content=\"The run for a good thing | Hurdle race | Hero Race\" \/>\n<meta property=\"og:description\" content=\"Hero Race helps children.The registration fee of each competitor is donated to a non-profit organization PIEROTT to use the finances to support sports-talented kids.\" \/>\n<meta property=\"og:url\" content=\"https:\/\/www.herorace.com\/en\/charity\/\" \/>\n<meta property=\"og:site_name\" content=\"Hero Race\" \/>\n<meta property=\"article:modified_time\" content=\"2022-11-21T13:40:44+00:00\" \/>\n<meta name=\"twitter:card\" content=\"summary_large_image\" \/>\n<script type=\"application\/ld+json\" class=\"yoast-schema-graph\">{\"@context\":\"https:\/\/schema.org\",\"@graph\":[{\"@type\":\"WebPage\",\"@id\":\"https:\/\/www.herorace.com\/en\/charity\/\",\"url\":\"https:\/\/www.herorace.com\/en\/charity\/\",\"name\":\"The run for a good thing | Hurdle race | Hero Race\",\"isPartOf\":{\"@id\":\"https:\/\/www.herorace.com\/en\/#website\"},\"datePublished\":\"2021-05-10T22:02:20+00:00\",\"dateModified\":\"2022-11-21T13:40:44+00:00\",\"description\":\"Hero Race helps children.The registration fee of each competitor is donated to a non-profit organization PIEROTT to use the finances to support sports-talented kids.\",\"breadcrumb\":{\"@id\":\"https:\/\/www.herorace.com\/en\/charity\/#breadcrumb\"},\"inLanguage\":\"en-US\",\"potentialAction\":[{\"@type\":\"ReadAction\",\"target\":[\"https:\/\/www.herorace.com\/en\/charity\/\"]}]},{\"@type\":\"BreadcrumbList\",\"@id\":\"https:\/\/www.herorace.com\/en\/charity\/#breadcrumb\",\"itemListElement\":[{\"@type\":\"ListItem\",\"position\":1,\"name\":\"Domovsk\u00e1 str\u00e1nka\",\"item\":\"https:\/\/www.herorace.com\/en\/__-hlavna-stranka-__\/\"},{\"@type\":\"ListItem\",\"position\":2,\"name\":\"Charity\"}]},{\"@type\":\"WebSite\",\"@id\":\"https:\/\/www.herorace.com\/en\/#website\",\"url\":\"https:\/\/www.herorace.com\/en\/\",\"name\":\"Hero Race\",\"description\":\"Len \u010fal\u0161ia WordPress str\u00e1nka\",\"potentialAction\":[{\"@type\":\"SearchAction\",\"target\":{\"@type\":\"EntryPoint\",\"urlTemplate\":\"https:\/\/www.herorace.com\/en\/?s={search_term_string}\"},\"query-input\":\"required name=search_term_string\"}],\"inLanguage\":\"en-US\"}]}<\/script>\n<!-- \/ Yoast SEO plugin. -->","yoast_head_json":{"title":"The run for a good thing | Hurdle race | Hero Race","description":"Hero Race helps children.The registration fee of each competitor is donated to a non-profit organization PIEROTT to use the finances to support sports-talented kids.","robots":{"index":"index","follow":"follow","max-snippet":"max-snippet:-1","max-image-preview":"max-image-preview:large","max-video-preview":"max-video-preview:-1"},"canonical":"https:\/\/www.herorace.com\/en\/charity\/","og_locale":"en_US","og_type":"article","og_title":"The run for a good thing | Hurdle race | Hero Race","og_description":"Hero Race helps children.The registration fee of each competitor is donated to a non-profit organization PIEROTT to use the finances to support sports-talented kids.","og_url":"https:\/\/www.herorace.com\/en\/charity\/","og_site_name":"Hero Race","article_modified_time":"2022-11-21T13:40:44+00:00","twitter_card":"summary_large_image","schema":{"@context":"https:\/\/schema.org","@graph":[{"@type":"WebPage","@id":"https:\/\/www.herorace.com\/en\/charity\/","url":"https:\/\/www.herorace.com\/en\/charity\/","name":"The run for a good thing | Hurdle race | Hero Race","isPartOf":{"@id":"https:\/\/www.herorace.com\/en\/#website"},"datePublished":"2021-05-10T22:02:20+00:00","dateModified":"2022-11-21T13:40:44+00:00","description":"Hero Race helps children.The registration fee of each competitor is donated to a non-profit organization PIEROTT to use the finances to support sports-talented kids.","breadcrumb":{"@id":"https:\/\/www.herorace.com\/en\/charity\/#breadcrumb"},"inLanguage":"en-US","potentialAction":[{"@type":"ReadAction","target":["https:\/\/www.herorace.com\/en\/charity\/"]}]},{"@type":"BreadcrumbList","@id":"https:\/\/www.herorace.com\/en\/charity\/#breadcrumb","itemListElement":[{"@type":"ListItem","position":1,"name":"Domovsk\u00e1 str\u00e1nka","item":"https:\/\/www.herorace.com\/en\/__-hlavna-stranka-__\/"},{"@type":"ListItem","position":2,"name":"Charity"}]},{"@type":"WebSite","@id":"https:\/\/www.herorace.com\/en\/#website","url":"https:\/\/www.herorace.com\/en\/","name":"Hero Race","description":"Len \u010fal\u0161ia WordPress str\u00e1nka","potentialAction":[{"@type":"SearchAction","target":{"@type":"EntryPoint","urlTemplate":"https:\/\/www.herorace.com\/en\/?s={search_term_string}"},"query-input":"required name=search_term_string"}],"inLanguage":"en-US"}]}},"_links":{"self":[{"href":"https:\/\/www.herorace.com\/en\/wp-json\/wp\/v2\/pages\/5890"}],"collection":[{"href":"https:\/\/www.herorace.com\/en\/wp-json\/wp\/v2\/pages"}],"about":[{"href":"https:\/\/www.herorace.com\/en\/wp-json\/wp\/v2\/types\/page"}],"author":[{"embeddable":true,"href":"https:\/\/www.herorace.com\/en\/wp-json\/wp\/v2\/users\/1"}],"replies":[{"embeddable":true,"href":"https:\/\/www.herorace.com\/en\/wp-json\/wp\/v2\/comments?post=5890"}],"version-history":[{"count":4,"href":"https:\/\/www.herorace.com\/en\/wp-json\/wp\/v2\/pages\/5890\/revisions"}],"predecessor-version":[{"id":5999,"href":"https:\/\/www.herorace.com\/en\/wp-json\/wp\/v2\/pages\/5890\/revisions\/5999"}],"wp:attachment":[{"href":"https:\/\/www.herorace.com\/en\/wp-json\/wp\/v2\/media?parent=5890"}],"curies":[{"name":"wp","href":"https:\/\/api.w.org\/{rel}","templated":true}]}}